{"id":735995,"date":"2026-04-16T08:31:33","date_gmt":"2026-04-16T07:31:33","guid":{"rendered":"https:\/\/shop.kustom.ch\/?post_type=product&#038;p=735995"},"modified":"2026-04-16T08:32:27","modified_gmt":"2026-04-16T07:32:27","slug":"wool-seamless-hipster-w","status":"publish","type":"product","link":"https:\/\/shop.kustom.ch\/en\/product\/wool-seamless-hipster-w\/","title":{"rendered":"Wool Seamless Hipster W"},"content":{"rendered":"<p>Wool Seamless Hipster sind hochwertige H\u00fcfthosen mit nahtlosem Design, die W\u00e4rme und Komfort bieten, perfekt f\u00fcr Outdoor-Aktivit\u00e4ten und ganzt\u00e4giges Tragen.<\/p>\n<p>Diese bequeme und vielseitige H\u00fcfthose ist aus einem strapazierf\u00e4higen Stoff mit Wollanteil gefertigt, der Sie warm, trocken und geruchsneutral h\u00e4lt. Die nahtlose Konstruktion des Kleidungsst\u00fccks bietet ein angenehmes Tragegef\u00fchl, w\u00e4hrend das ergonomische Design f\u00fcr eine gute Passform und ausgezeichnete Bewegungsfreiheit sorgt. Eine grossartige Wahl f\u00fcr Trainingseinheiten mit geringer Intensit\u00e4t oder f\u00fcr die meisten Arten von Outdoor-Aktivit\u00e4ten bei kalten Bedingungen.<\/p>\n<p>\u2022 Weiche und strapazierf\u00e4hige Mischung aus Merinowolle, Polyamid und Elastan<br \/>\n- Mulesing-free wool<br \/>\n\u2022 H\u00e4lt Sie warm und trocken, auch wenn es nass ist<br \/>\n\u2022 Von Natur aus geruchsfrei<br \/>\n\u2022 Nahtloses Design<br \/>\n- Tight fit<\/p>\n<p>Material: 62% Recyceltes Polyamid, 35% Wolle, 3% Elastan<\/p>","protected":false},"excerpt":{"rendered":"<p>Wool Seamless Hipster sind hochwertige H\u00fcfthosen mit nahtlosem Design, die W\u00e4rme und Komfort bieten, perfekt f\u00fcr Outdoor-Aktivit\u00e4ten und ganzt\u00e4giges Tragen. Diese bequeme und vielseitige H\u00fcfthose ist aus einem strapazierf\u00e4higen Stoff mit Wollanteil gefertigt, der Sie warm, trocken und geruchsneutral h\u00e4lt. Die nahtlose Konstruktion des Kleidungsst\u00fccks bietet ein angenehmes Tragegef\u00fchl, w\u00e4hrend das ergonomische Design f\u00fcr eine [&hellip;]<\/p>\n","protected":false},"featured_media":736035,"template":"","meta":[],"product_brand":[],"product_cat":[4191],"product_tag":[],"class_list":{"0":"post-735995","1":"product","2":"type-product","3":"status-publish","4":"has-post-thumbnail","6":"product_cat-longsleeves-sweatshirts","7":"pa_brand-craft","8":"pa_brand-type-sportswear","9":"pa_filter-color-schwarz","11":"first","12":"instock","13":"sale","14":"taxable","15":"shipping-taxable","16":"purchasable","17":"product-type-variable","18":"add-to-wishlist-before_image"},"exclude_global_add_ons":[],"addons":[],"acf":[],"_links":{"self":[{"href":"https:\/\/shop.kustom.ch\/en\/wp-json\/wp\/v2\/product\/735995"}],"collection":[{"href":"https:\/\/shop.kustom.ch\/en\/wp-json\/wp\/v2\/product"}],"about":[{"href":"https:\/\/shop.kustom.ch\/en\/wp-json\/wp\/v2\/types\/product"}],"wp:featuredmedia":[{"embeddable":true,"href":"https:\/\/shop.kustom.ch\/en\/wp-json\/wp\/v2\/media\/736035"}],"wp:attachment":[{"href":"https:\/\/shop.kustom.ch\/en\/wp-json\/wp\/v2\/media?parent=735995"}],"wp:term":[{"taxonomy":"product_brand","embeddable":true,"href":"https:\/\/shop.kustom.ch\/en\/wp-json\/wp\/v2\/product_brand?post=735995"},{"taxonomy":"product_cat","embeddable":true,"href":"https:\/\/shop.kustom.ch\/en\/wp-json\/wp\/v2\/product_cat?post=735995"},{"taxonomy":"product_tag","embeddable":true,"href":"https:\/\/shop.kustom.ch\/en\/wp-json\/wp\/v2\/product_tag?post=735995"}],"curies":[{"name":"wp","href":"https:\/\/api.w.org\/{rel}","templated":true}]}}