{"id":735735,"date":"2026-04-16T08:28:45","date_gmt":"2026-04-16T07:28:45","guid":{"rendered":"https:\/\/shop.kustom.ch\/?post_type=product&#038;p=735735"},"modified":"2026-04-16T08:29:37","modified_gmt":"2026-04-16T07:29:37","slug":"essence-thermal-ponytail-hat","status":"publish","type":"product","link":"https:\/\/shop.kustom.ch\/en\/product\/essence-thermal-ponytail-hat\/","title":{"rendered":"Essence Thermal Ponytail Hat"},"content":{"rendered":"<p>The Essence Ponytail Hat is a soft and stretchy training hat with a brushed interior that provides warmth, function and comfort when training in cool conditions. With an opening for a ponytail at the back. Made from recycled polyester.<\/p>\n<p>- Recycled polyester<br \/>\n- Brushed inside<br \/>\n- Opening for ponytail at the back<br \/>\n- Tight fit<\/p>\n<p>Material: Body 77% Recycled Polyester, 23% Elastane, Lining88% Recycled Polyester, 12% Elastane<\/p>","protected":false},"excerpt":{"rendered":"<p>Der Essence Ponytail Hat ist eine weiche und dehnbare Trainingsm\u00fctze mit einer geb\u00fcrsteten Innenseite, die W\u00e4rme, Funktion und Komfort beim Training unter k\u00fchlen Bedingungen bietet. Mit einer \u00d6ffnung f\u00fcr einen Pferdeschwanz auf der R\u00fcckseite. Hergestellt aus recyceltem Polyester. \u2022 Recyceltes Polyester \u2022 Geb\u00fcrstete Innenseite \u2022 \u00d6ffnung f\u00fcr Pferdeschwanz auf der R\u00fcckseite \u2022 Enge Passform Material: [&hellip;]<\/p>\n","protected":false},"featured_media":735767,"template":"","meta":[],"product_brand":[],"product_cat":[4177],"product_tag":[],"class_list":{"0":"post-735735","1":"product","2":"type-product","3":"status-publish","4":"has-post-thumbnail","6":"product_cat-caps-muetzen","7":"pa_brand-craft","8":"pa_brand-type-sportswear","9":"pa_filter-color-braun","10":"pa_filter-color-grau","11":"pa_filter-color-gruen","12":"pa_filter-color-schwarz","14":"first","15":"instock","16":"sale","17":"taxable","18":"shipping-taxable","19":"purchasable","20":"product-type-variable","21":"add-to-wishlist-before_image"},"exclude_global_add_ons":[],"addons":[],"acf":[],"_links":{"self":[{"href":"https:\/\/shop.kustom.ch\/en\/wp-json\/wp\/v2\/product\/735735"}],"collection":[{"href":"https:\/\/shop.kustom.ch\/en\/wp-json\/wp\/v2\/product"}],"about":[{"href":"https:\/\/shop.kustom.ch\/en\/wp-json\/wp\/v2\/types\/product"}],"wp:featuredmedia":[{"embeddable":true,"href":"https:\/\/shop.kustom.ch\/en\/wp-json\/wp\/v2\/media\/735767"}],"wp:attachment":[{"href":"https:\/\/shop.kustom.ch\/en\/wp-json\/wp\/v2\/media?parent=735735"}],"wp:term":[{"taxonomy":"product_brand","embeddable":true,"href":"https:\/\/shop.kustom.ch\/en\/wp-json\/wp\/v2\/product_brand?post=735735"},{"taxonomy":"product_cat","embeddable":true,"href":"https:\/\/shop.kustom.ch\/en\/wp-json\/wp\/v2\/product_cat?post=735735"},{"taxonomy":"product_tag","embeddable":true,"href":"https:\/\/shop.kustom.ch\/en\/wp-json\/wp\/v2\/product_tag?post=735735"}],"curies":[{"name":"wp","href":"https:\/\/api.w.org\/{rel}","templated":true}]}}