{"id":735706,"date":"2026-04-16T08:28:28","date_gmt":"2026-04-16T07:28:28","guid":{"rendered":"https:\/\/shop.kustom.ch\/?post_type=product&#038;p=735706"},"modified":"2026-04-16T08:28:34","modified_gmt":"2026-04-16T07:28:34","slug":"endur-bib-shorts-c2-m","status":"publish","type":"product","link":"https:\/\/shop.kustom.ch\/en\/product\/endur-bib-shorts-c2-m\/","title":{"rendered":"Endur Bib Shorts C2 M"},"content":{"rendered":"<p>Die Endur Bib Shorts C2 sind Hochleistungs-Radlerhosen f\u00fcr ambitionierte Sportler, die mehrmals pro Woche zielgerichtet trainieren.<\/p>\n<p>Diese fortschrittliche Tr\u00e4gerhose besteht aus recyceltem Polyamid, das eine aussergew\u00f6hnliche K\u00f6rperkontrolle und ein hervorragendes Feuchtigkeitsmanagement bietet. Die ergonomische Tr\u00e4gerl\u00f6sung mit offenem R\u00fccken verbessert die Bel\u00fcftung, w\u00e4hrend roh geschnittene Beinabschl\u00fcsse f\u00fcr ein geschmeidiges Gef\u00fchl und verbesserte Aerodynamik sorgen. Dar\u00fcber hinaus sorgt das neue und raffinierte C2 Pad f\u00fcr hervorragenden Komfort bei jeder Fahrt.<\/p>\n<p>Infinity C2 Pad \u2013 hochfunktionelles Pad f\u00fcr engagierte Fahrer<br \/>\nInfinity C2 bietet hervorragende Funktion und ist eine gute Wahl f\u00fcr Fahrer, die das ganze Jahr \u00fcber hart trainieren. Das Pad besteht aus drei Schichten, darunter eine zweite und dritte Schicht aus mitteldichten und hochdichten Schaumstoffen. Zusammen bilden diese beiden Schichten eine perfekte Kombination, die Energie d\u00e4mpft und absorbiert und dann wie ein Anti-Schock-System abf\u00fchrt. Ausserdem besteht die hautnahe Schicht aus hochwertigem recyceltem Polyamidgewebe, das super 4-Wege-Stretch und einen tollen Feuchtigkeitstransport bietet. Die 4-Wege-Elastizit\u00e4t des Gewebes erm\u00f6glicht es dem Pad, dem beweglichen K\u00f6rper f\u00fcr optimalen Komfort und Funktion zu folgen. Ausserdem hat das Polster einen Schaumstoff auf biologischer Basis, der aus Rizinussamen gemacht ist.<\/p>\n<p>\u2022 Elastisches Body-Control-Material aus recyceltem Polyamid und Elasthan<br \/>\n- Ergonomic design for a perfect sitting position<br \/>\n\u2022 Bib-Konstruktion mit offener R\u00fcckenl\u00f6sung<br \/>\n\u2022 Gebondete Taille f\u00fcr optimale Passform und Komfort<br \/>\n\u2022 Roh geschnittene Beinabschl\u00fcsse mit Silikon-Print, welche die Radlershorts an Ort und Stelle halten<br \/>\n\u2022 Infinity C2 Pad Herren<\/p>","protected":false},"excerpt":{"rendered":"<p>Die Endur Bib Shorts C2 sind Hochleistungs-Radlerhosen f\u00fcr ambitionierte Sportler, die mehrmals pro Woche zielgerichtet trainieren. Diese fortschrittliche Tr\u00e4gerhose besteht aus recyceltem Polyamid, das eine aussergew\u00f6hnliche K\u00f6rperkontrolle und ein hervorragendes Feuchtigkeitsmanagement bietet. Die ergonomische Tr\u00e4gerl\u00f6sung mit offenem R\u00fccken verbessert die Bel\u00fcftung, w\u00e4hrend roh geschnittene Beinabschl\u00fcsse f\u00fcr ein geschmeidiges Gef\u00fchl und verbesserte Aerodynamik sorgen. Dar\u00fcber hinaus [&hellip;]<\/p>\n","protected":false},"featured_media":699275,"template":"","meta":[],"product_brand":[],"product_cat":[4198],"product_tag":[],"class_list":{"0":"post-735706","1":"product","2":"type-product","3":"status-publish","4":"has-post-thumbnail","6":"product_cat-shorts","7":"pa_brand-craft","8":"pa_brand-type-sportswear","9":"pa_filter-color-beige","10":"pa_filter-color-blau","11":"pa_filter-color-schwarz","13":"first","14":"instock","15":"sale","16":"taxable","17":"shipping-taxable","18":"purchasable","19":"product-type-variable","20":"add-to-wishlist-before_image"},"exclude_global_add_ons":[],"addons":[],"acf":[],"_links":{"self":[{"href":"https:\/\/shop.kustom.ch\/en\/wp-json\/wp\/v2\/product\/735706"}],"collection":[{"href":"https:\/\/shop.kustom.ch\/en\/wp-json\/wp\/v2\/product"}],"about":[{"href":"https:\/\/shop.kustom.ch\/en\/wp-json\/wp\/v2\/types\/product"}],"wp:featuredmedia":[{"embeddable":true,"href":"https:\/\/shop.kustom.ch\/en\/wp-json\/wp\/v2\/media\/699275"}],"wp:attachment":[{"href":"https:\/\/shop.kustom.ch\/en\/wp-json\/wp\/v2\/media?parent=735706"}],"wp:term":[{"taxonomy":"product_brand","embeddable":true,"href":"https:\/\/shop.kustom.ch\/en\/wp-json\/wp\/v2\/product_brand?post=735706"},{"taxonomy":"product_cat","embeddable":true,"href":"https:\/\/shop.kustom.ch\/en\/wp-json\/wp\/v2\/product_cat?post=735706"},{"taxonomy":"product_tag","embeddable":true,"href":"https:\/\/shop.kustom.ch\/en\/wp-json\/wp\/v2\/product_tag?post=735706"}],"curies":[{"name":"wp","href":"https:\/\/api.w.org\/{rel}","templated":true}]}}