{"id":735656,"date":"2026-04-16T08:27:40","date_gmt":"2026-04-16T07:27:40","guid":{"rendered":"https:\/\/shop.kustom.ch\/?post_type=product&#038;p=735656"},"modified":"2026-04-16T08:27:53","modified_gmt":"2026-04-16T07:27:53","slug":"subz-wrist-warmer","status":"publish","type":"product","link":"https:\/\/shop.kustom.ch\/en\/product\/subz-wrist-warmer\/","title":{"rendered":"SubZ Wrist Warmer"},"content":{"rendered":"<p>Der SubZ Wrist Warmer ist ein weicher und isolierender Artikel, der Ihren Handgelenken zus\u00e4tzliche W\u00e4rme spendet. Hergestellt aus weichem, leichtem Fleece mit geb\u00fcrsteter Innenseite f\u00fcr optimale Isolierung und Komfort.<\/p>\n<p>\u2022 Weiches und leichtes Fleece aus 100 % recyceltem Polyester<br \/>\n- Brushed inside<br \/>\n\u2022 thumb grip<\/p>\n<p>Material: 100% Recycled polyester<\/p>","protected":false},"excerpt":{"rendered":"<p>Der SubZ Wrist Warmer ist ein weicher und isolierender Artikel, der Ihren Handgelenken zus\u00e4tzliche W\u00e4rme spendet. Hergestellt aus weichem, leichtem Fleece mit geb\u00fcrsteter Innenseite f\u00fcr optimale Isolierung und Komfort. \u2022 Weiches und leichtes Fleece aus 100 % recyceltem Polyester \u2022 Geb\u00fcrstete Innenseite \u2022 Daumengriff Material: 100% Recycelter Polyester<\/p>","protected":false},"featured_media":735658,"template":"","meta":[],"product_brand":[],"product_cat":[4209],"product_tag":[],"class_list":{"0":"post-735656","1":"product","2":"type-product","3":"status-publish","4":"has-post-thumbnail","6":"product_cat-zubehoer","7":"pa_brand-craft","8":"pa_brand-type-sportswear","9":"pa_filter-color-beige","10":"pa_filter-color-orange","11":"pa_filter-color-schwarz","13":"first","14":"instock","15":"sale","16":"taxable","17":"shipping-taxable","18":"purchasable","19":"product-type-variable","20":"add-to-wishlist-before_image"},"exclude_global_add_ons":[],"addons":[],"acf":[],"_links":{"self":[{"href":"https:\/\/shop.kustom.ch\/en\/wp-json\/wp\/v2\/product\/735656"}],"collection":[{"href":"https:\/\/shop.kustom.ch\/en\/wp-json\/wp\/v2\/product"}],"about":[{"href":"https:\/\/shop.kustom.ch\/en\/wp-json\/wp\/v2\/types\/product"}],"wp:featuredmedia":[{"embeddable":true,"href":"https:\/\/shop.kustom.ch\/en\/wp-json\/wp\/v2\/media\/735658"}],"wp:attachment":[{"href":"https:\/\/shop.kustom.ch\/en\/wp-json\/wp\/v2\/media?parent=735656"}],"wp:term":[{"taxonomy":"product_brand","embeddable":true,"href":"https:\/\/shop.kustom.ch\/en\/wp-json\/wp\/v2\/product_brand?post=735656"},{"taxonomy":"product_cat","embeddable":true,"href":"https:\/\/shop.kustom.ch\/en\/wp-json\/wp\/v2\/product_cat?post=735656"},{"taxonomy":"product_tag","embeddable":true,"href":"https:\/\/shop.kustom.ch\/en\/wp-json\/wp\/v2\/product_tag?post=735656"}],"curies":[{"name":"wp","href":"https:\/\/api.w.org\/{rel}","templated":true}]}}