{"id":735551,"date":"2026-04-16T08:26:21","date_gmt":"2026-04-16T07:26:21","guid":{"rendered":"https:\/\/shop.kustom.ch\/?post_type=product&#038;p=735551"},"modified":"2026-04-16T08:26:44","modified_gmt":"2026-04-16T07:26:44","slug":"pro-nordic-race-fz-pants-w","status":"publish","type":"product","link":"https:\/\/shop.kustom.ch\/en\/product\/pro-nordic-race-fz-pants-w\/","title":{"rendered":"Pro Nordic Race FZ Pants W"},"content":{"rendered":"<p>Pro Nordic Race FZ Pants sind leistungsstarke Langlaufhosen, die sowohl f\u00fcr hochintensive Trainingseinheiten bei kalten Bedingungen als auch als Aufw\u00e4rmhosen an Renntagen geeignet sind.<\/p>\n<p>Diese Profihose besteht aus einem dreilagigen wind- und wasserdichten Stretchgewebe, das beim intensiven Langlauf eine aussergew\u00f6hnliche Funktionalit\u00e4t bietet. Perforationen am R\u00fccken und Bel\u00fcftungs\u00f6ffnungen unterhalb der Knie verbessern die Luftzirkulation, w\u00e4hrend verschweisste Beinabschl\u00fcsse f\u00fcr einen sicheren, passgenauen Sitz sorgen. Der durchgehende 2-Wege-Reissverschluss an den Seiten erm\u00f6glicht ein einfaches An- und Ausziehen.<\/p>\n<p>\u2022 Dreilagiges wind- und wasserdichtes Ventair\u00ae-Stretchgewebe, WP 15\u2018000\/MVP 10\u2018000<br \/>\n\u2022 Bel\u00fcftungs\u00f6ffnung unterhalb der Knie f\u00fcr eine verbesserte W\u00e4rmeregulierung<br \/>\n\u2022 Perforierte L\u00f6cher auf der R\u00fcckseite f\u00fcr eine verbesserte Luftzirkulation<br \/>\n\u2022 Durchgehender 2-Wege-Reissverschluss an den Seiten f\u00fcr einfaches An- und Ausziehen<br \/>\n\u2022 Verschweisste Beinenden f\u00fcr eine bequeme Passform<br \/>\n\u2022 Tasche in der Mitte des R\u00fcckens zur Aufbewahrung kleinerer Gegenst\u00e4nde<br \/>\n- Drawstring at the waist<\/p>\n<p>Material: Body Face 100% Recycelter Polyester, Middle 100% Polyurethan, Back 100% Polyester, Lining upper body 87% Recycelter Polyester 13% Elastan<\/p>","protected":false},"excerpt":{"rendered":"<p>Pro Nordic Race FZ Pants sind leistungsstarke Langlaufhosen, die sowohl f\u00fcr hochintensive Trainingseinheiten bei kalten Bedingungen als auch als Aufw\u00e4rmhosen an Renntagen geeignet sind. Diese Profihose besteht aus einem dreilagigen wind- und wasserdichten Stretchgewebe, das beim intensiven Langlauf eine aussergew\u00f6hnliche Funktionalit\u00e4t bietet. Perforationen am R\u00fccken und Bel\u00fcftungs\u00f6ffnungen unterhalb der Knie verbessern die Luftzirkulation, w\u00e4hrend verschweisste [&hellip;]<\/p>\n","protected":false},"featured_media":735560,"template":"","meta":[],"product_brand":[],"product_cat":[4185],"product_tag":[],"class_list":{"0":"post-735551","1":"product","2":"type-product","3":"status-publish","4":"has-post-thumbnail","6":"product_cat-hosen","7":"pa_brand-craft","8":"pa_brand-type-sportswear","9":"pa_filter-color-schwarz","11":"first","12":"instock","13":"sale","14":"taxable","15":"shipping-taxable","16":"purchasable","17":"product-type-variable","18":"add-to-wishlist-before_image"},"exclude_global_add_ons":[],"addons":[],"acf":[],"_links":{"self":[{"href":"https:\/\/shop.kustom.ch\/en\/wp-json\/wp\/v2\/product\/735551"}],"collection":[{"href":"https:\/\/shop.kustom.ch\/en\/wp-json\/wp\/v2\/product"}],"about":[{"href":"https:\/\/shop.kustom.ch\/en\/wp-json\/wp\/v2\/types\/product"}],"wp:featuredmedia":[{"embeddable":true,"href":"https:\/\/shop.kustom.ch\/en\/wp-json\/wp\/v2\/media\/735560"}],"wp:attachment":[{"href":"https:\/\/shop.kustom.ch\/en\/wp-json\/wp\/v2\/media?parent=735551"}],"wp:term":[{"taxonomy":"product_brand","embeddable":true,"href":"https:\/\/shop.kustom.ch\/en\/wp-json\/wp\/v2\/product_brand?post=735551"},{"taxonomy":"product_cat","embeddable":true,"href":"https:\/\/shop.kustom.ch\/en\/wp-json\/wp\/v2\/product_cat?post=735551"},{"taxonomy":"product_tag","embeddable":true,"href":"https:\/\/shop.kustom.ch\/en\/wp-json\/wp\/v2\/product_tag?post=735551"}],"curies":[{"name":"wp","href":"https:\/\/api.w.org\/{rel}","templated":true}]}}