{"id":735343,"date":"2026-04-16T08:24:07","date_gmt":"2026-04-16T07:24:07","guid":{"rendered":"https:\/\/shop.kustom.ch\/?post_type=product&#038;p=735343"},"modified":"2026-04-16T08:24:48","modified_gmt":"2026-04-16T07:24:48","slug":"frequent-sweatpants-w","status":"publish","type":"product","link":"https:\/\/shop.kustom.ch\/en\/product\/frequent-sweatpants-w\/","title":{"rendered":"Frequent Sweatpants W"},"content":{"rendered":"<p>Frequent Sweatpants sind locker sitzende Jogginghosen f\u00fcr den Alltag.<\/p>\n<p>Diese l\u00e4ssigen, vielseitigen Jogginghosen bestehen aus einem schweren Baumwollstoff mit Loopback und kleinen Schlaufen auf der R\u00fcckseite des Stoffes. Die Jogginghose verf\u00fcgt ausserdem \u00fcber einen Kordelzug in der Taille f\u00fcr eine verstellbare Passform und zwei bequeme Seitentaschen, wodurch sie sowohl praktisch als auch stilvoll f\u00fcr den ganzt\u00e4gigen Gebrauch ist. Perfekt f\u00fcr das Branding mit Vereins-, Sponsoren- oder Firmenlogos.<\/p>\n<p>\u2022 Hergestellt aus 100 % Bio-Baumwolle (380 gsm)<br \/>\n\u2022 Loopback-Gewebe<br \/>\n- Adjustable drawstring at the waist<br \/>\n\u2022 Gummizug an Taille und Beinabschl\u00fcssen<br \/>\n- Two side pockets with zip<br \/>\n- Relaxed fit<\/p>\n<p>Material: 100% organic cotton<\/p>","protected":false},"excerpt":{"rendered":"<p>Frequent Sweatpants sind locker sitzende Jogginghosen f\u00fcr den Alltag. Diese l\u00e4ssigen, vielseitigen Jogginghosen bestehen aus einem schweren Baumwollstoff mit Loopback und kleinen Schlaufen auf der R\u00fcckseite des Stoffes. Die Jogginghose verf\u00fcgt ausserdem \u00fcber einen Kordelzug in der Taille f\u00fcr eine verstellbare Passform und zwei bequeme Seitentaschen, wodurch sie sowohl praktisch als auch stilvoll f\u00fcr den [&hellip;]<\/p>\n","protected":false},"featured_media":735347,"template":"","meta":[],"product_brand":[],"product_cat":[4185],"product_tag":[],"class_list":{"0":"post-735343","1":"product","2":"type-product","3":"status-publish","4":"has-post-thumbnail","6":"product_cat-hosen","7":"pa_brand-craft","8":"pa_brand-type-sportswear","9":"pa_filter-color-blau","10":"pa_filter-color-braun","11":"pa_filter-color-schwarz","13":"first","14":"instock","15":"sale","16":"taxable","17":"shipping-taxable","18":"purchasable","19":"product-type-variable","20":"add-to-wishlist-before_image"},"exclude_global_add_ons":[],"addons":[],"acf":[],"_links":{"self":[{"href":"https:\/\/shop.kustom.ch\/en\/wp-json\/wp\/v2\/product\/735343"}],"collection":[{"href":"https:\/\/shop.kustom.ch\/en\/wp-json\/wp\/v2\/product"}],"about":[{"href":"https:\/\/shop.kustom.ch\/en\/wp-json\/wp\/v2\/types\/product"}],"wp:featuredmedia":[{"embeddable":true,"href":"https:\/\/shop.kustom.ch\/en\/wp-json\/wp\/v2\/media\/735347"}],"wp:attachment":[{"href":"https:\/\/shop.kustom.ch\/en\/wp-json\/wp\/v2\/media?parent=735343"}],"wp:term":[{"taxonomy":"product_brand","embeddable":true,"href":"https:\/\/shop.kustom.ch\/en\/wp-json\/wp\/v2\/product_brand?post=735343"},{"taxonomy":"product_cat","embeddable":true,"href":"https:\/\/shop.kustom.ch\/en\/wp-json\/wp\/v2\/product_cat?post=735343"},{"taxonomy":"product_tag","embeddable":true,"href":"https:\/\/shop.kustom.ch\/en\/wp-json\/wp\/v2\/product_tag?post=735343"}],"curies":[{"name":"wp","href":"https:\/\/api.w.org\/{rel}","templated":true}]}}