{"id":735311,"date":"2026-04-16T08:23:41","date_gmt":"2026-04-16T07:23:41","guid":{"rendered":"https:\/\/shop.kustom.ch\/?post_type=product&#038;p=735311"},"modified":"2026-04-16T08:23:54","modified_gmt":"2026-04-16T07:23:54","slug":"wool-light-mid-sock","status":"publish","type":"product","link":"https:\/\/shop.kustom.ch\/en\/product\/wool-light-mid-sock\/","title":{"rendered":"Wool Light Mid Sock"},"content":{"rendered":"<p>Lightweight running socks for advanced runners made from knitted merino wool with a piqu\u00e9 ventilation pattern on the top for excellent cooling and moisture transport.<br \/>\n- Ergonomic fit for left and right foot<br \/>\n-Seamless finish for optimum freedom of movement<br \/>\n-Knitted piqu\u00e9 ventilation pattern on the upper side<br \/>\n-Seamless toe area<\/p>\n<p>Material: 56% merino wool, 43% recycled polyamide, 1% elastane<\/p>","protected":false},"excerpt":{"rendered":"<p>Leichte Laufsocken f\u00fcr Fortgeschrittene aus gestrickter Merinowolle mit Piqu\u00e9-Ventilationsmuster auf der Oberseite f\u00fcr hervorragende K\u00fchlung und ausgezeichneten Feuchtigkeitstransport. \u2022 Ergonomische Passform f\u00fcr linken und rechten Fuss \u2022Nahtlose Verarbeitung f\u00fcr optimale Bewegungsfreiheit \u2022Gestricktes Piqu\u00e9-Ventilationsmuster auf der Oberseite \u2022Nahtloser Zehenbereich Material: 56% Merinowolle, 43% Recycling-Polyamid, 1% Elasthan<\/p>","protected":false},"featured_media":735312,"template":"","meta":[],"product_brand":[],"product_cat":[4199],"product_tag":[],"class_list":{"0":"post-735311","1":"product","2":"type-product","3":"status-publish","4":"has-post-thumbnail","6":"product_cat-socken","7":"pa_brand-craft","8":"pa_brand-type-sportswear","9":"pa_filter-color-schwarz","11":"first","12":"instock","13":"sale","14":"taxable","15":"shipping-taxable","16":"purchasable","17":"product-type-variable","18":"add-to-wishlist-before_image"},"exclude_global_add_ons":[],"addons":[],"acf":[],"_links":{"self":[{"href":"https:\/\/shop.kustom.ch\/en\/wp-json\/wp\/v2\/product\/735311"}],"collection":[{"href":"https:\/\/shop.kustom.ch\/en\/wp-json\/wp\/v2\/product"}],"about":[{"href":"https:\/\/shop.kustom.ch\/en\/wp-json\/wp\/v2\/types\/product"}],"wp:featuredmedia":[{"embeddable":true,"href":"https:\/\/shop.kustom.ch\/en\/wp-json\/wp\/v2\/media\/735312"}],"wp:attachment":[{"href":"https:\/\/shop.kustom.ch\/en\/wp-json\/wp\/v2\/media?parent=735311"}],"wp:term":[{"taxonomy":"product_brand","embeddable":true,"href":"https:\/\/shop.kustom.ch\/en\/wp-json\/wp\/v2\/product_brand?post=735311"},{"taxonomy":"product_cat","embeddable":true,"href":"https:\/\/shop.kustom.ch\/en\/wp-json\/wp\/v2\/product_cat?post=735311"},{"taxonomy":"product_tag","embeddable":true,"href":"https:\/\/shop.kustom.ch\/en\/wp-json\/wp\/v2\/product_tag?post=735311"}],"curies":[{"name":"wp","href":"https:\/\/api.w.org\/{rel}","templated":true}]}}