{"id":735201,"date":"2026-04-16T08:22:31","date_gmt":"2026-04-16T07:22:31","guid":{"rendered":"https:\/\/shop.kustom.ch\/?post_type=product&#038;p=735201"},"modified":"2026-04-16T08:23:20","modified_gmt":"2026-04-16T07:23:20","slug":"wool-waffle-rn-w","status":"publish","type":"product","link":"https:\/\/shop.kustom.ch\/en\/product\/wool-waffle-rn-w\/","title":{"rendered":"Wool Waffle RN W"},"content":{"rendered":"<p>The Wool Waffle RN is a casual jersey with a loose fit that is suitable for both training and everyday wear.<\/p>\n<p>The soft, waffle-like material made from a blend of wool and viscose improves the insulation and breathability of the baselayer jersey and thus ensures optimum regulation of body temperature during low-intensity training or on cool days. Wear it as a base layer in cold temperatures or as a single piece in milder temperatures.<\/p>\n<p>- Soft and comfortable fabric made from 20 % wool and 80 % viscose<br \/>\n- Mulesing-free wool<br \/>\n- Waffle structure for improved insulation and ventilation<br \/>\n- Round collar<br \/>\n- Relaxed fit<\/p>\n<p>Material: 80% viscose, 20% wool<\/p>","protected":false},"excerpt":{"rendered":"<p>Der Wool Waffle RN ist ein l\u00e4ssiges Trikot mit lockerer Passform, das sowohl f\u00fcrs Training als auch im Alltag geeignet ist. Das weiche, waffelartige Material aus einer Mischung aus Wolle und Viskose verbessert die Isolierung und Atmungsaktivit\u00e4t des Baselayer-Trikots und sorgt so f\u00fcr eine optimale Regulierung der K\u00f6rpertemperatur bei niedriger Trainingsintensit\u00e4t oder an k\u00fchlen Tagen. [&hellip;]<\/p>\n","protected":false},"featured_media":735224,"template":"","meta":[],"product_brand":[],"product_cat":[4191],"product_tag":[],"class_list":{"0":"post-735201","1":"product","2":"type-product","3":"status-publish","4":"has-post-thumbnail","6":"product_cat-longsleeves-sweatshirts","7":"pa_brand-craft","8":"pa_brand-type-sportswear","9":"pa_filter-color-ensign","10":"pa_filter-color-grau","11":"pa_filter-color-gruen","12":"pa_filter-color-schwarz","14":"first","15":"instock","16":"sale","17":"taxable","18":"shipping-taxable","19":"purchasable","20":"product-type-variable","21":"add-to-wishlist-before_image"},"exclude_global_add_ons":[],"addons":[],"acf":[],"_links":{"self":[{"href":"https:\/\/shop.kustom.ch\/en\/wp-json\/wp\/v2\/product\/735201"}],"collection":[{"href":"https:\/\/shop.kustom.ch\/en\/wp-json\/wp\/v2\/product"}],"about":[{"href":"https:\/\/shop.kustom.ch\/en\/wp-json\/wp\/v2\/types\/product"}],"wp:featuredmedia":[{"embeddable":true,"href":"https:\/\/shop.kustom.ch\/en\/wp-json\/wp\/v2\/media\/735224"}],"wp:attachment":[{"href":"https:\/\/shop.kustom.ch\/en\/wp-json\/wp\/v2\/media?parent=735201"}],"wp:term":[{"taxonomy":"product_brand","embeddable":true,"href":"https:\/\/shop.kustom.ch\/en\/wp-json\/wp\/v2\/product_brand?post=735201"},{"taxonomy":"product_cat","embeddable":true,"href":"https:\/\/shop.kustom.ch\/en\/wp-json\/wp\/v2\/product_cat?post=735201"},{"taxonomy":"product_tag","embeddable":true,"href":"https:\/\/shop.kustom.ch\/en\/wp-json\/wp\/v2\/product_tag?post=735201"}],"curies":[{"name":"wp","href":"https:\/\/api.w.org\/{rel}","templated":true}]}}