{"id":735069,"date":"2026-04-16T08:21:00","date_gmt":"2026-04-16T07:21:00","guid":{"rendered":"https:\/\/shop.kustom.ch\/?post_type=product&#038;p=735069"},"modified":"2026-04-16T12:30:07","modified_gmt":"2026-04-16T11:30:07","slug":"essence-multi-grip-glove","status":"publish","type":"product","link":"https:\/\/shop.kustom.ch\/en\/product\/essence-multi-grip-glove\/","title":{"rendered":"Essence Multi Grip Glove"},"content":{"rendered":"<p>Der Essence Multi-Grip Glove ist ein warmer und elastischer Trainingshandschuh, der f\u00fcr alle Arten von Trainings im Herbst und Winter entwickelt wurde. <\/p>\n<p>Der Handschuh besteht aus geb\u00fcrstetem Jersey-Stoff f\u00fcr optimale W\u00e4rme und Komfort und verf\u00fcgt \u00fcber einen Silikonaufdruck auf der Handfl\u00e4che f\u00fcr besseren Halt. Dar\u00fcber hinaus erm\u00f6glicht Touchscreen-kompatibles Gewebe an Zeigefinger und Daumen die einfache Nutzung von Smartphones und anderen Ger\u00e4ten, ohne den Handschuh ausziehen zu m\u00fcssen.<\/p>\n<p>\u2022 Weicher, elastischer und geb\u00fcrsteter Jersey aus recyceltem Polyester<br \/>\n\u2022 Silikon-Gripper in der Handfl\u00e4che f\u00fcr optimalen Halt<br \/>\n\u2022 Touchscreen-kompatibler Zeigefinger und Daumen<br \/>\n- Reflective print<\/p>\n<p>Material: Body 92% Polyester, 8% Elastan, Palm Cuff 77% Recycelter Polyester, 23% Elastan<\/p>","protected":false},"excerpt":{"rendered":"<p>Der Essence Multi-Grip Glove ist ein warmer und elastischer Trainingshandschuh, der f\u00fcr alle Arten von Trainings im Herbst und Winter entwickelt wurde. Der Handschuh besteht aus geb\u00fcrstetem Jersey-Stoff f\u00fcr optimale W\u00e4rme und Komfort und verf\u00fcgt \u00fcber einen Silikonaufdruck auf der Handfl\u00e4che f\u00fcr besseren Halt. Dar\u00fcber hinaus erm\u00f6glicht Touchscreen-kompatibles Gewebe an Zeigefinger und Daumen die einfache [&hellip;]<\/p>\n","protected":false},"featured_media":735070,"template":"","meta":[],"product_brand":[],"product_cat":[4180],"product_tag":[],"class_list":{"0":"post-735069","1":"product","2":"type-product","3":"status-publish","4":"has-post-thumbnail","6":"product_cat-handschuhe","7":"pa_brand-craft","8":"pa_brand-type-sportswear","9":"pa_filter-color-schwarz","11":"first","12":"instock","13":"sale","14":"taxable","15":"shipping-taxable","16":"purchasable","17":"product-type-variable","18":"add-to-wishlist-before_image"},"exclude_global_add_ons":[],"addons":[],"acf":[],"_links":{"self":[{"href":"https:\/\/shop.kustom.ch\/en\/wp-json\/wp\/v2\/product\/735069"}],"collection":[{"href":"https:\/\/shop.kustom.ch\/en\/wp-json\/wp\/v2\/product"}],"about":[{"href":"https:\/\/shop.kustom.ch\/en\/wp-json\/wp\/v2\/types\/product"}],"wp:featuredmedia":[{"embeddable":true,"href":"https:\/\/shop.kustom.ch\/en\/wp-json\/wp\/v2\/media\/735070"}],"wp:attachment":[{"href":"https:\/\/shop.kustom.ch\/en\/wp-json\/wp\/v2\/media?parent=735069"}],"wp:term":[{"taxonomy":"product_brand","embeddable":true,"href":"https:\/\/shop.kustom.ch\/en\/wp-json\/wp\/v2\/product_brand?post=735069"},{"taxonomy":"product_cat","embeddable":true,"href":"https:\/\/shop.kustom.ch\/en\/wp-json\/wp\/v2\/product_cat?post=735069"},{"taxonomy":"product_tag","embeddable":true,"href":"https:\/\/shop.kustom.ch\/en\/wp-json\/wp\/v2\/product_tag?post=735069"}],"curies":[{"name":"wp","href":"https:\/\/api.w.org\/{rel}","templated":true}]}}