{"id":734799,"date":"2026-04-16T08:17:40","date_gmt":"2026-04-16T07:17:40","guid":{"rendered":"https:\/\/shop.kustom.ch\/?post_type=product&#038;p=734799"},"modified":"2026-04-16T08:18:17","modified_gmt":"2026-04-16T07:18:17","slug":"adv-nordic-training-merino-logo-hat","status":"publish","type":"product","link":"https:\/\/shop.kustom.ch\/en\/product\/adv-nordic-training-merino-logo-hat\/","title":{"rendered":"Adv Nordic Training Merino Logo Hat"},"content":{"rendered":"<p>Leichte Strickm\u00fctze aus Acrylgarn und Merinowolle f\u00fcr alle Langlaufaktivit\u00e4ten.<br \/>\n\u2022Grosses Craft-Logo<\/p>\n<p>Material: 70% Acrylgarn, 30% Wolle<\/p>","protected":false},"excerpt":{"rendered":"<p>Leichte Strickm\u00fctze aus Acrylgarn und Merinowolle f\u00fcr alle Langlaufaktivit\u00e4ten. \u2022Grosses Craft-Logo Material: 70% Acrylgarn, 30% Wolle<\/p>","protected":false},"featured_media":734825,"template":"","meta":[],"product_brand":[],"product_cat":[4177],"product_tag":[],"class_list":{"0":"post-734799","1":"product","2":"type-product","3":"status-publish","4":"has-post-thumbnail","6":"product_cat-caps-muetzen","7":"pa_brand-craft","8":"pa_brand-type-sportswear","9":"pa_filter-color-beige","10":"pa_filter-color-schwarz","11":"pa_filter-color-weiss","13":"first","14":"instock","15":"sale","16":"taxable","17":"shipping-taxable","18":"purchasable","19":"product-type-variable","20":"add-to-wishlist-before_image"},"exclude_global_add_ons":[],"addons":[],"acf":[],"_links":{"self":[{"href":"https:\/\/shop.kustom.ch\/en\/wp-json\/wp\/v2\/product\/734799"}],"collection":[{"href":"https:\/\/shop.kustom.ch\/en\/wp-json\/wp\/v2\/product"}],"about":[{"href":"https:\/\/shop.kustom.ch\/en\/wp-json\/wp\/v2\/types\/product"}],"wp:featuredmedia":[{"embeddable":true,"href":"https:\/\/shop.kustom.ch\/en\/wp-json\/wp\/v2\/media\/734825"}],"wp:attachment":[{"href":"https:\/\/shop.kustom.ch\/en\/wp-json\/wp\/v2\/media?parent=734799"}],"wp:term":[{"taxonomy":"product_brand","embeddable":true,"href":"https:\/\/shop.kustom.ch\/en\/wp-json\/wp\/v2\/product_brand?post=734799"},{"taxonomy":"product_cat","embeddable":true,"href":"https:\/\/shop.kustom.ch\/en\/wp-json\/wp\/v2\/product_cat?post=734799"},{"taxonomy":"product_tag","embeddable":true,"href":"https:\/\/shop.kustom.ch\/en\/wp-json\/wp\/v2\/product_tag?post=734799"}],"curies":[{"name":"wp","href":"https:\/\/api.w.org\/{rel}","templated":true}]}}