{"id":725892,"date":"2026-04-01T19:03:33","date_gmt":"2026-04-01T18:03:33","guid":{"rendered":"https:\/\/shop.kustom.ch\/?post_type=product&#038;p=725892"},"modified":"2026-04-01T19:04:44","modified_gmt":"2026-04-01T18:04:44","slug":"huebi-kinder-regenhut","status":"publish","type":"product","link":"https:\/\/shop.kustom.ch\/en\/product\/huebi-kinder-regenhut\/","title":{"rendered":"H\u00fcbi children's rain hat"},"content":{"rendered":"<p>H\u00fcbi. With this cheeky rain hat, we are reviving the good old days when the S\u00fcdwester was THE rain hat. It looks cheeky and protects little princesses and princes from the rain.<\/p>","protected":false},"excerpt":{"rendered":"<p>H\u00fcbi. With this cheeky rain hat, we are reviving the good old days when the S\u00fcdwester was THE rain hat. It looks cheeky and protects little princesses and princes from the rain.<\/p>","protected":false},"featured_media":725936,"template":"","meta":[],"product_brand":[],"product_cat":[4177],"product_tag":[],"class_list":{"0":"post-725892","1":"product","2":"type-product","3":"status-publish","4":"has-post-thumbnail","6":"product_cat-caps-muetzen","7":"pa_brand-rukka","8":"pa_brand-type-workwear","9":"pa_filter-color-blau","10":"pa_filter-color-gelb","12":"first","13":"instock","14":"taxable","15":"shipping-taxable","16":"purchasable","17":"product-type-variable","18":"add-to-wishlist-before_image"},"exclude_global_add_ons":[],"addons":[],"acf":[],"_links":{"self":[{"href":"https:\/\/shop.kustom.ch\/en\/wp-json\/wp\/v2\/product\/725892"}],"collection":[{"href":"https:\/\/shop.kustom.ch\/en\/wp-json\/wp\/v2\/product"}],"about":[{"href":"https:\/\/shop.kustom.ch\/en\/wp-json\/wp\/v2\/types\/product"}],"wp:featuredmedia":[{"embeddable":true,"href":"https:\/\/shop.kustom.ch\/en\/wp-json\/wp\/v2\/media\/725936"}],"wp:attachment":[{"href":"https:\/\/shop.kustom.ch\/en\/wp-json\/wp\/v2\/media?parent=725892"}],"wp:term":[{"taxonomy":"product_brand","embeddable":true,"href":"https:\/\/shop.kustom.ch\/en\/wp-json\/wp\/v2\/product_brand?post=725892"},{"taxonomy":"product_cat","embeddable":true,"href":"https:\/\/shop.kustom.ch\/en\/wp-json\/wp\/v2\/product_cat?post=725892"},{"taxonomy":"product_tag","embeddable":true,"href":"https:\/\/shop.kustom.ch\/en\/wp-json\/wp\/v2\/product_tag?post=725892"}],"curies":[{"name":"wp","href":"https:\/\/api.w.org\/{rel}","templated":true}]}}