{"id":723245,"date":"2026-03-26T10:30:23","date_gmt":"2026-03-26T09:30:23","guid":{"rendered":"https:\/\/shop.kustom.ch\/?post_type=product&#038;p=723245"},"modified":"2026-03-31T09:25:31","modified_gmt":"2026-03-31T08:25:31","slug":"airwalk-vest","status":"publish","type":"product","link":"https:\/\/shop.kustom.ch\/en\/product\/airwalk-vest\/","title":{"rendered":"Airwalk Vest"},"content":{"rendered":"<p>As part of the Airwalk softshell family, the waistcoat offers the same clean look with improved breathability.<br \/>\nMade from three layers of fabric, including a functional membrane and a warming fleece lining, it ensures comfort and protection.<br \/>\nWith their regular fit and three easily accessible zip pockets, you'll always have all your essentials to hand.<\/p>\n<p>Material: outer fabric: 100 % recycled polyester, bonded with 100 % recycled polyester fleece, 280 g\/m\u00b2<br \/>\nLining (pockets): 100 % recycled polyester<br \/>\nTechnical note: WP 1000 \/ MVP 700 - tested according to ISO 811:2018 and ASTM E96\/E96M<\/p>","protected":false},"excerpt":{"rendered":"<p>Als Teil der Airwalk Softshell-Familie bietet die Weste den gleichen klaren Look mit verbesserter Atmungsaktivit\u00e4t. Gefertigt aus drei Stofflagen, darunter eine funktionale Membran und ein w\u00e4rmendes Fleece-Innenfutter, sorgt sie f\u00fcr Komfort und Schutz. Mit ihrem Regular Fit und drei leicht zug\u00e4nglichen Reissverschlusstaschen hast du alle wichtigen Dinge stets griffbereit. Material: Obermaterial: 100 % recyceltes Polyester, [&hellip;]<\/p>\n","protected":false},"featured_media":723246,"template":"","meta":[],"product_brand":[],"product_cat":[4208],"product_tag":[],"class_list":{"0":"post-723245","1":"product","2":"type-product","3":"status-publish","4":"has-post-thumbnail","6":"product_cat-westen","7":"pa_brand-printer-red","8":"pa_brand-type-workwear","9":"pa_filter-color-blau","10":"pa_filter-color-rot","11":"pa_filter-color-schwarz","13":"first","14":"instock","15":"sale","16":"taxable","17":"shipping-taxable","18":"purchasable","19":"product-type-variable","20":"add-to-wishlist-before_image"},"exclude_global_add_ons":[],"addons":[],"acf":[],"_links":{"self":[{"href":"https:\/\/shop.kustom.ch\/en\/wp-json\/wp\/v2\/product\/723245"}],"collection":[{"href":"https:\/\/shop.kustom.ch\/en\/wp-json\/wp\/v2\/product"}],"about":[{"href":"https:\/\/shop.kustom.ch\/en\/wp-json\/wp\/v2\/types\/product"}],"wp:featuredmedia":[{"embeddable":true,"href":"https:\/\/shop.kustom.ch\/en\/wp-json\/wp\/v2\/media\/723246"}],"wp:attachment":[{"href":"https:\/\/shop.kustom.ch\/en\/wp-json\/wp\/v2\/media?parent=723245"}],"wp:term":[{"taxonomy":"product_brand","embeddable":true,"href":"https:\/\/shop.kustom.ch\/en\/wp-json\/wp\/v2\/product_brand?post=723245"},{"taxonomy":"product_cat","embeddable":true,"href":"https:\/\/shop.kustom.ch\/en\/wp-json\/wp\/v2\/product_cat?post=723245"},{"taxonomy":"product_tag","embeddable":true,"href":"https:\/\/shop.kustom.ch\/en\/wp-json\/wp\/v2\/product_tag?post=723245"}],"curies":[{"name":"wp","href":"https:\/\/api.w.org\/{rel}","templated":true}]}}