{"id":722177,"date":"2026-03-26T09:22:30","date_gmt":"2026-03-26T08:22:30","guid":{"rendered":"https:\/\/shop.kustom.ch\/?post_type=product&#038;p=722177"},"modified":"2026-03-31T09:52:31","modified_gmt":"2026-03-31T08:52:31","slug":"softball-lady","status":"publish","type":"product","link":"https:\/\/shop.kustom.ch\/en\/product\/softball-lady\/","title":{"rendered":"Softball Lady"},"content":{"rendered":"<p>Softball Lady is our iconic sweatshirt for women. With a regular fit, it offers comfort for all body types.<br \/>\nIt features the same details as the Softball RSX, including 2\u00d72 ribbed knit on the sleeves and hem.<\/p>\n<p>Material: 60 % organic cotton, 40 % recycled polyester<br \/>\n(120 Grey Mel: 74 % organic cotton, 20 % recycled polyester, 6 % viscose)<\/p>","protected":false},"excerpt":{"rendered":"<p>Softball Lady ist unser ikonisches Sweatshirt f\u00fcr Damen. Mit einem Regular Fit bietet es Komfort f\u00fcr alle K\u00f6rpertypen. Es verf\u00fcgt \u00fcber dieselben Details wie der Softball RSX, einschliesslich 2&#215;2 Rippstrick an \u00c4rmeln und Saum. Material: 60 % Bio-Baumwolle, 40 % recyceltes Polyester (120 Grey Mel: 74 % Bio-Baumwolle, 20 % recyceltes Polyester, 6 % Viskose)<\/p>","protected":false},"featured_media":722178,"template":"","meta":[],"product_brand":[],"product_cat":[4191],"product_tag":[],"class_list":{"0":"post-722177","1":"product","2":"type-product","3":"status-publish","4":"has-post-thumbnail","6":"product_cat-longsleeves-sweatshirts","7":"pa_brand-printer","8":"pa_brand-type-workwear","9":"pa_filter-color-blau","10":"pa_filter-color-grau","11":"pa_filter-color-gruen","12":"pa_filter-color-rot","13":"pa_filter-color-schwarz","14":"pa_filter-color-weiss","16":"first","17":"instock","18":"sale","19":"taxable","20":"shipping-taxable","21":"purchasable","22":"product-type-variable","23":"add-to-wishlist-before_image"},"exclude_global_add_ons":[],"addons":[],"acf":[],"_links":{"self":[{"href":"https:\/\/shop.kustom.ch\/en\/wp-json\/wp\/v2\/product\/722177"}],"collection":[{"href":"https:\/\/shop.kustom.ch\/en\/wp-json\/wp\/v2\/product"}],"about":[{"href":"https:\/\/shop.kustom.ch\/en\/wp-json\/wp\/v2\/types\/product"}],"wp:featuredmedia":[{"embeddable":true,"href":"https:\/\/shop.kustom.ch\/en\/wp-json\/wp\/v2\/media\/722178"}],"wp:attachment":[{"href":"https:\/\/shop.kustom.ch\/en\/wp-json\/wp\/v2\/media?parent=722177"}],"wp:term":[{"taxonomy":"product_brand","embeddable":true,"href":"https:\/\/shop.kustom.ch\/en\/wp-json\/wp\/v2\/product_brand?post=722177"},{"taxonomy":"product_cat","embeddable":true,"href":"https:\/\/shop.kustom.ch\/en\/wp-json\/wp\/v2\/product_cat?post=722177"},{"taxonomy":"product_tag","embeddable":true,"href":"https:\/\/shop.kustom.ch\/en\/wp-json\/wp\/v2\/product_tag?post=722177"}],"curies":[{"name":"wp","href":"https:\/\/api.w.org\/{rel}","templated":true}]}}