{"id":711485,"date":"2026-03-24T19:01:08","date_gmt":"2026-03-24T18:01:08","guid":{"rendered":"https:\/\/shop.kustom.ch\/?post_type=product&#038;p=711485"},"modified":"2026-03-24T19:02:43","modified_gmt":"2026-03-24T18:02:43","slug":"w-manchester-2-0-softs-vest","status":"publish","type":"product","link":"https:\/\/shop.kustom.ch\/en\/product\/w-manchester-2-0-softs-vest\/","title":{"rendered":"W MANCHESTER 2.0 SOFTS VEST"},"content":{"rendered":"<p>Eine strapazierf\u00e4hige, vielseitige Weste, die leichten Schutz vor Wind und Wetter bietet. Sie vereint einen cleanen Look mit \u00e4usserst bequemem Tragekomfort. Sie ist empfehlenswert, wenn Sie ein wenig zus\u00e4tzliche W\u00e4rme am Oberk\u00f6rper ben\u00f6tigen, und eignet sich hervorragend als isolierende Zwischenschicht.<\/p>\n<p>Fit: Regular \/ Normal<\/p>\n<p>Material: Main material: 94 % polyester, 6 % elastane - 290 g\/m\u00b2<\/p>","protected":false},"excerpt":{"rendered":"<p>- YKK\u00ae zip fastener<br \/>- AMANN yarns<br \/>- Softshell fabric with membrane and DWR<br \/>- Without shoulder seams<br \/>- Brushed fleece inner collar<br \/>- YKK\u00ae front zip<br \/>- Slit pockets with brushed inner lining<br \/>- Slit pockets with YKK\u00ae zip<br \/>- Inner pockets for small items<br \/>- Adjustable hem with elasticated drawstring in the slit pocket<br \/>- Extended back for improved comfort<br \/>- bluesign\u00ae product<\/p>","protected":false},"featured_media":711545,"template":"","meta":[],"product_brand":[],"product_cat":[4208],"product_tag":[],"class_list":{"0":"post-711485","1":"product","2":"type-product","3":"status-publish","4":"has-post-thumbnail","6":"product_cat-westen","7":"pa_brand-helly-hansen","8":"pa_brand-type-workwear","9":"pa_filter-color-blau","10":"pa_filter-color-grau","11":"pa_filter-color-rot","12":"pa_filter-color-schwarz","14":"first","15":"instock","16":"sale","17":"taxable","18":"shipping-taxable","19":"purchasable","20":"product-type-variable","21":"add-to-wishlist-before_image"},"exclude_global_add_ons":[],"addons":[],"acf":[],"_links":{"self":[{"href":"https:\/\/shop.kustom.ch\/en\/wp-json\/wp\/v2\/product\/711485"}],"collection":[{"href":"https:\/\/shop.kustom.ch\/en\/wp-json\/wp\/v2\/product"}],"about":[{"href":"https:\/\/shop.kustom.ch\/en\/wp-json\/wp\/v2\/types\/product"}],"wp:featuredmedia":[{"embeddable":true,"href":"https:\/\/shop.kustom.ch\/en\/wp-json\/wp\/v2\/media\/711545"}],"wp:attachment":[{"href":"https:\/\/shop.kustom.ch\/en\/wp-json\/wp\/v2\/media?parent=711485"}],"wp:term":[{"taxonomy":"product_brand","embeddable":true,"href":"https:\/\/shop.kustom.ch\/en\/wp-json\/wp\/v2\/product_brand?post=711485"},{"taxonomy":"product_cat","embeddable":true,"href":"https:\/\/shop.kustom.ch\/en\/wp-json\/wp\/v2\/product_cat?post=711485"},{"taxonomy":"product_tag","embeddable":true,"href":"https:\/\/shop.kustom.ch\/en\/wp-json\/wp\/v2\/product_tag?post=711485"}],"curies":[{"name":"wp","href":"https:\/\/api.w.org\/{rel}","templated":true}]}}