{"id":708620,"date":"2026-03-24T14:57:49","date_gmt":"2026-03-24T13:57:49","guid":{"rendered":"https:\/\/shop.kustom.ch\/?post_type=product&#038;p=708620"},"modified":"2026-03-31T10:33:11","modified_gmt":"2026-03-31T09:33:11","slug":"upton-shirt","status":"publish","type":"product","link":"https:\/\/shop.kustom.ch\/en\/product\/upton-shirt\/","title":{"rendered":"Upton Shirt"},"content":{"rendered":"<p>This knitted single jersey shirt is made from a lightweight fabric. The blend of organic cotton and elastane makes the shirt very stretchy and therefore particularly comfortable to wear. It has a concealed button-down collar for a clean look. Combine your Upton shirt with a suit for a smart look or wear it with our jeans or chinos for a more casual style. Available in tailored fit for men and contemporary fit for women.<\/p>\n<p>Material: 90 % organic cotton, 10 % elastane, 170 g\/m\u00b2<\/p>","protected":false},"excerpt":{"rendered":"<p>Dieses Strick-Single-Jersey-Hemd besteht aus einem leichten Stoff. Durch die Mischung aus Bio-Baumwolle und Elasthan ist das Hemd sehr dehnbar und dadurch besonders angenehm zu tragen. Es verf\u00fcgt \u00fcber einen verdeckten Button-Down- Kragen f\u00fcr ein sauberes Erscheinungsbild. Kombinieren Sie Ihr Upton-Hemd mit einem Anzug f\u00fcr einen eleganten Look oder tragen Sie es zu unseren Jeans oder [&hellip;]<\/p>\n","protected":false},"featured_media":708208,"template":"","meta":[],"product_brand":[],"product_cat":[9874],"product_tag":[],"class_list":{"0":"post-708620","1":"product","2":"type-product","3":"status-publish","4":"has-post-thumbnail","6":"product_cat-hemden","7":"pa_brand-harvest","8":"pa_brand-type-workwear","9":"pa_filter-color-blau","10":"pa_filter-color-schwarz","11":"pa_filter-color-weiss","13":"first","14":"instock","15":"sale","16":"taxable","17":"shipping-taxable","18":"purchasable","19":"product-type-variable","20":"add-to-wishlist-before_image"},"exclude_global_add_ons":[],"addons":[],"acf":[],"_links":{"self":[{"href":"https:\/\/shop.kustom.ch\/en\/wp-json\/wp\/v2\/product\/708620"}],"collection":[{"href":"https:\/\/shop.kustom.ch\/en\/wp-json\/wp\/v2\/product"}],"about":[{"href":"https:\/\/shop.kustom.ch\/en\/wp-json\/wp\/v2\/types\/product"}],"wp:featuredmedia":[{"embeddable":true,"href":"https:\/\/shop.kustom.ch\/en\/wp-json\/wp\/v2\/media\/708208"}],"wp:attachment":[{"href":"https:\/\/shop.kustom.ch\/en\/wp-json\/wp\/v2\/media?parent=708620"}],"wp:term":[{"taxonomy":"product_brand","embeddable":true,"href":"https:\/\/shop.kustom.ch\/en\/wp-json\/wp\/v2\/product_brand?post=708620"},{"taxonomy":"product_cat","embeddable":true,"href":"https:\/\/shop.kustom.ch\/en\/wp-json\/wp\/v2\/product_cat?post=708620"},{"taxonomy":"product_tag","embeddable":true,"href":"https:\/\/shop.kustom.ch\/en\/wp-json\/wp\/v2\/product_tag?post=708620"}],"curies":[{"name":"wp","href":"https:\/\/api.w.org\/{rel}","templated":true}]}}