{"id":708619,"date":"2026-03-24T14:57:49","date_gmt":"2026-03-24T13:57:49","guid":{"rendered":"https:\/\/shop.kustom.ch\/?post_type=product&#038;p=708619"},"modified":"2026-03-31T10:32:57","modified_gmt":"2026-03-31T09:32:57","slug":"hicksville-overshirt","status":"publish","type":"product","link":"https:\/\/shop.kustom.ch\/en\/product\/hicksville-overshirt\/","title":{"rendered":"Hicksville Overshirt"},"content":{"rendered":"<p>Hicksville is a modern shirt made from textured waffle knit fabric. The fabric is made from organic cotton and recycled polyester. The shirt features a concealed button-down collar and tonal buttons for a clean, coherent look. Available in tailored fit for men and contemporary fit for women.<\/p>\n<p>Material: 80 % organic cotton, 20 % recycled polyester, 220 g\/m\u00b2<\/p>","protected":false},"excerpt":{"rendered":"<p>Hicksville ist ein modernes Hemd aus strukturiertem Waffelstrickstoff. Der Stoff besteht aus Bio-Baumwolle und recyceltem Polyester. Das Hemd verf\u00fcgt \u00fcber einen verdeckten Button-Down-Kragen und tonige Kn\u00f6pfe f\u00fcr ein sauberes, stimmiges Erscheinungsbild. Erh\u00e4ltlich in Tailored Fit f\u00fcr Herren und Contemporary Fit f\u00fcr Damen. Material: 80 % Bio-Baumwolle, 20 % recyceltes Polyester, 220 g\/m\u00b2<\/p>","protected":false},"featured_media":708135,"template":"","meta":[],"product_brand":[],"product_cat":[4191],"product_tag":[],"class_list":{"0":"post-708619","1":"product","2":"type-product","3":"status-publish","4":"has-post-thumbnail","6":"product_cat-longsleeves-sweatshirts","7":"pa_brand-harvest","8":"pa_brand-type-workwear","9":"pa_filter-color-beige","10":"pa_filter-color-blau","11":"pa_filter-color-gruen","12":"pa_filter-color-schwarz","14":"first","15":"instock","16":"sale","17":"taxable","18":"shipping-taxable","19":"purchasable","20":"product-type-variable","21":"add-to-wishlist-before_image"},"exclude_global_add_ons":[],"addons":[],"acf":[],"_links":{"self":[{"href":"https:\/\/shop.kustom.ch\/en\/wp-json\/wp\/v2\/product\/708619"}],"collection":[{"href":"https:\/\/shop.kustom.ch\/en\/wp-json\/wp\/v2\/product"}],"about":[{"href":"https:\/\/shop.kustom.ch\/en\/wp-json\/wp\/v2\/types\/product"}],"wp:featuredmedia":[{"embeddable":true,"href":"https:\/\/shop.kustom.ch\/en\/wp-json\/wp\/v2\/media\/708135"}],"wp:attachment":[{"href":"https:\/\/shop.kustom.ch\/en\/wp-json\/wp\/v2\/media?parent=708619"}],"wp:term":[{"taxonomy":"product_brand","embeddable":true,"href":"https:\/\/shop.kustom.ch\/en\/wp-json\/wp\/v2\/product_brand?post=708619"},{"taxonomy":"product_cat","embeddable":true,"href":"https:\/\/shop.kustom.ch\/en\/wp-json\/wp\/v2\/product_cat?post=708619"},{"taxonomy":"product_tag","embeddable":true,"href":"https:\/\/shop.kustom.ch\/en\/wp-json\/wp\/v2\/product_tag?post=708619"}],"curies":[{"name":"wp","href":"https:\/\/api.w.org\/{rel}","templated":true}]}}