{"id":707297,"date":"2026-03-23T14:38:56","date_gmt":"2026-03-23T13:38:56","guid":{"rendered":"https:\/\/shop.kustom.ch\/?post_type=product&#038;p=707297"},"modified":"2026-03-31T11:21:04","modified_gmt":"2026-03-31T10:21:04","slug":"nayoro-shell-pants-men","status":"publish","type":"product","link":"https:\/\/shop.kustom.ch\/en\/product\/nayoro-shell-pants-men\/","title":{"rendered":"Nayoro Shell Pants Men"},"content":{"rendered":"<p>The Nayoro shell trousers feature a precisely tuned design with Tenson's own MPC technology - the MPC Extreme\u2122. The trousers are wind and waterproof and have a subtle utility look with thoughtful details, textures and functionality. They are made from our three-layer MPC Extreme Shell material with a 10,000 mm water column, taped seams, water-repellent zips and snow guards at the ankles. The waistband and ankle cuffs are fully adjustable so that the trousers fit securely even in extreme conditions. They are also equipped with adjustable braces. Two zipped pockets at the front and back provide easy access. The Nayoro Shell trousers are designed to perfectly match the Tenson Nayoro Shell ski jacket.<\/p>\n<p>Material: outer fabric: MPC Extreme; 3-layer stretch material; WP 10,000 mm; MVP 10,000 g\/m\u00b2\/24h; PFC-free water-repellent finish<br \/>\nOuter fabric 1: 100 % recycled polyester<\/p>","protected":false},"excerpt":{"rendered":"<p>Die Nayoro Shell-Hose verf\u00fcgt \u00fcber ein pr\u00e4zise abgestimmtes Design mit Tensons eigener MPC-Technologie \u2013 dem MPC Extreme\u2122. Die Hose ist wind- und wasserdicht und hat einen dezenten Utility-Look mit durchdachten Details, Texturen und Funktionalit\u00e4t. Sie besteht aus unserem dreilagigen MPC Extreme Shell-Material mit einer Wassers\u00e4ule von 10.000 mm, verschweissten N\u00e4hten, wasserabweisenden Reissverschl\u00fcssen und Schneef\u00e4ngen an [&hellip;]<\/p>\n","protected":false},"featured_media":707350,"template":"","meta":[],"product_brand":[],"product_cat":[4185],"product_tag":[],"class_list":{"0":"post-707297","1":"product","2":"type-product","3":"status-publish","4":"has-post-thumbnail","6":"product_cat-hosen","7":"pa_brand-tenson","8":"pa_brand-type-sportswear","9":"pa_filter-color-blau","10":"pa_filter-color-schwarz","12":"first","13":"instock","14":"sale","15":"taxable","16":"shipping-taxable","17":"purchasable","18":"product-type-variable","19":"add-to-wishlist-before_image"},"exclude_global_add_ons":[],"addons":[],"acf":[],"_links":{"self":[{"href":"https:\/\/shop.kustom.ch\/en\/wp-json\/wp\/v2\/product\/707297"}],"collection":[{"href":"https:\/\/shop.kustom.ch\/en\/wp-json\/wp\/v2\/product"}],"about":[{"href":"https:\/\/shop.kustom.ch\/en\/wp-json\/wp\/v2\/types\/product"}],"wp:featuredmedia":[{"embeddable":true,"href":"https:\/\/shop.kustom.ch\/en\/wp-json\/wp\/v2\/media\/707350"}],"wp:attachment":[{"href":"https:\/\/shop.kustom.ch\/en\/wp-json\/wp\/v2\/media?parent=707297"}],"wp:term":[{"taxonomy":"product_brand","embeddable":true,"href":"https:\/\/shop.kustom.ch\/en\/wp-json\/wp\/v2\/product_brand?post=707297"},{"taxonomy":"product_cat","embeddable":true,"href":"https:\/\/shop.kustom.ch\/en\/wp-json\/wp\/v2\/product_cat?post=707297"},{"taxonomy":"product_tag","embeddable":true,"href":"https:\/\/shop.kustom.ch\/en\/wp-json\/wp\/v2\/product_tag?post=707297"}],"curies":[{"name":"wp","href":"https:\/\/api.w.org\/{rel}","templated":true}]}}