{"id":707150,"date":"2026-03-23T14:36:23","date_gmt":"2026-03-23T13:36:23","guid":{"rendered":"https:\/\/shop.kustom.ch\/?post_type=product&#038;p=707150"},"modified":"2026-03-31T11:16:04","modified_gmt":"2026-03-31T10:16:04","slug":"txlite-skort-women","status":"publish","type":"product","link":"https:\/\/shop.kustom.ch\/en\/product\/txlite-skort-women\/","title":{"rendered":"TXlite Skort Women"},"content":{"rendered":"<p>Der TXlite Adventure Skort ist ein Rock mit integrierten Shorts \u2013 auch bekannt als Skort. Mit einem Skort bleibt dein Rock auch bei aktiverer Bewegung oder wenn es draussen windig ist, an Ort und Stelle. Das strapazierf\u00e4hige und schnell trocknende Outdoor-Stretchmaterial (90% Polyamid und 10% Elastan) ist dehnbar und flexibel: Perfekt f\u00fcr deine t\u00e4glichen Outdoor-Abenteuer mit Familie und Freunden. Sein knitterfreier Stoff macht ihn zu einem idealen Reisebegleiter.<\/p>\n<p>Material: Shell fabric 1; Stretch; Durable; Quick dry; 90% Recycled Polyamide, 10% Spandex<\/p>","protected":false},"excerpt":{"rendered":"<p>Der TXlite Adventure Skort ist ein Rock mit integrierten Shorts \u2013 auch bekannt als Skort. Mit einem Skort bleibt dein Rock auch bei aktiverer Bewegung oder wenn es draussen windig ist, an Ort und Stelle. Das strapazierf\u00e4hige und schnell trocknende Outdoor-Stretchmaterial (90% Polyamid und 10% Elastan) ist dehnbar und flexibel: Perfekt f\u00fcr deine t\u00e4glichen Outdoor-Abenteuer [&hellip;]<\/p>\n","protected":false},"featured_media":707157,"template":"","meta":[],"product_brand":[],"product_cat":[4198],"product_tag":[],"class_list":{"0":"post-707150","1":"product","2":"type-product","3":"status-publish","4":"has-post-thumbnail","6":"product_cat-shorts","7":"pa_brand-tenson","8":"pa_brand-type-sportswear","9":"pa_filter-color-beige","10":"pa_filter-color-schwarz","12":"first","13":"instock","14":"sale","15":"taxable","16":"shipping-taxable","17":"purchasable","18":"product-type-variable","19":"add-to-wishlist-before_image"},"exclude_global_add_ons":[],"addons":[],"acf":[],"_links":{"self":[{"href":"https:\/\/shop.kustom.ch\/en\/wp-json\/wp\/v2\/product\/707150"}],"collection":[{"href":"https:\/\/shop.kustom.ch\/en\/wp-json\/wp\/v2\/product"}],"about":[{"href":"https:\/\/shop.kustom.ch\/en\/wp-json\/wp\/v2\/types\/product"}],"wp:featuredmedia":[{"embeddable":true,"href":"https:\/\/shop.kustom.ch\/en\/wp-json\/wp\/v2\/media\/707157"}],"wp:attachment":[{"href":"https:\/\/shop.kustom.ch\/en\/wp-json\/wp\/v2\/media?parent=707150"}],"wp:term":[{"taxonomy":"product_brand","embeddable":true,"href":"https:\/\/shop.kustom.ch\/en\/wp-json\/wp\/v2\/product_brand?post=707150"},{"taxonomy":"product_cat","embeddable":true,"href":"https:\/\/shop.kustom.ch\/en\/wp-json\/wp\/v2\/product_cat?post=707150"},{"taxonomy":"product_tag","embeddable":true,"href":"https:\/\/shop.kustom.ch\/en\/wp-json\/wp\/v2\/product_tag?post=707150"}],"curies":[{"name":"wp","href":"https:\/\/api.w.org\/{rel}","templated":true}]}}