{"id":706753,"date":"2026-03-23T13:11:53","date_gmt":"2026-03-23T12:11:53","guid":{"rendered":"https:\/\/shop.kustom.ch\/?post_type=product&#038;p=706753"},"modified":"2026-03-31T11:31:26","modified_gmt":"2026-03-31T10:31:26","slug":"mount-adams-light-vest-men","status":"publish","type":"product","link":"https:\/\/shop.kustom.ch\/en\/product\/mount-adams-light-vest-men\/","title":{"rendered":"Mount Adams Light Vest Men"},"content":{"rendered":"<p>The Mount Adams Light Vest is a slim, lightweight companion with versatile use for the transitional season. It offers reliable warmth without bulk and is perfect for wearing under a jacket or jacket. Made from our signature Mount Adams fabric, it features a tailored cut, neat side seams, cleverly concealed pockets and a discreet inner pocket at chest height for valuables. The new silver zip pendant adds an elegant touch to the iconic design. The gilet is made from a 100% recycled nylon shell and lining, filled with PrimaLoft\u00ae Black 60 gsm, offering first-class comfort with innovative, sustainable materials. A stylish layering piece for any occasion that you will love to wear season after season.<\/p>\n<p>Material: 100 % recycled nylon PrimaLoft\u00ae. Padding: 100% recycled polyester. Lining: 100% recycled nylon<\/p>","protected":false},"excerpt":{"rendered":"<p>Die Mount Adams Light Vest ist ein schlanker, leichter Begleiter mit vielseitigem Einsatz f\u00fcr die \u00dcbergangszeit. Sie bietet zuverl\u00e4ssige W\u00e4rme ohne aufzutragen und l\u00e4sst sich perfekt unter einer Jacke oder einem Sakko tragen. Gefertigt aus unserem charakteristischen Mount Adams-Material, \u00fcberzeugt sie durch einen taillierten Schnitt, saubere Seitenn\u00e4hte, clever versteckte Taschen und eine dezente Innentasche auf [&hellip;]<\/p>\n","protected":false},"featured_media":706754,"template":"","meta":[],"product_brand":[],"product_cat":[4208],"product_tag":[],"class_list":{"0":"post-706753","1":"product","2":"type-product","3":"status-publish","4":"has-post-thumbnail","6":"product_cat-westen","7":"pa_brand-cutter-buck","8":"pa_brand-type-workwear","9":"pa_filter-color-blau","10":"pa_filter-color-schwarz","12":"first","13":"instock","14":"sale","15":"taxable","16":"shipping-taxable","17":"purchasable","18":"product-type-variable","19":"add-to-wishlist-before_image"},"exclude_global_add_ons":[],"addons":[],"acf":[],"_links":{"self":[{"href":"https:\/\/shop.kustom.ch\/en\/wp-json\/wp\/v2\/product\/706753"}],"collection":[{"href":"https:\/\/shop.kustom.ch\/en\/wp-json\/wp\/v2\/product"}],"about":[{"href":"https:\/\/shop.kustom.ch\/en\/wp-json\/wp\/v2\/types\/product"}],"wp:featuredmedia":[{"embeddable":true,"href":"https:\/\/shop.kustom.ch\/en\/wp-json\/wp\/v2\/media\/706754"}],"wp:attachment":[{"href":"https:\/\/shop.kustom.ch\/en\/wp-json\/wp\/v2\/media?parent=706753"}],"wp:term":[{"taxonomy":"product_brand","embeddable":true,"href":"https:\/\/shop.kustom.ch\/en\/wp-json\/wp\/v2\/product_brand?post=706753"},{"taxonomy":"product_cat","embeddable":true,"href":"https:\/\/shop.kustom.ch\/en\/wp-json\/wp\/v2\/product_cat?post=706753"},{"taxonomy":"product_tag","embeddable":true,"href":"https:\/\/shop.kustom.ch\/en\/wp-json\/wp\/v2\/product_tag?post=706753"}],"curies":[{"name":"wp","href":"https:\/\/api.w.org\/{rel}","templated":true}]}}