{"id":706669,"date":"2026-03-23T13:11:07","date_gmt":"2026-03-23T12:11:07","guid":{"rendered":"https:\/\/shop.kustom.ch\/?post_type=product&#038;p=706669"},"modified":"2026-03-31T11:30:52","modified_gmt":"2026-03-31T10:30:52","slug":"oak-harbor-softshell-jacket-men","status":"publish","type":"product","link":"https:\/\/shop.kustom.ch\/en\/product\/oak-harbor-softshell-jacket-men\/","title":{"rendered":"Oak Harbor Softshell Jacket Men"},"content":{"rendered":"<p>The Oak Harbor Softshell Jacket is a versatile wind and water-repellent jacket made from stretchy softshell material that offers excellent freedom of movement and reliable protection in changeable weather. With the characteristic design elements of the Oak Harbor series, it combines a modern, clean look with sophisticated functionality. Auto-lock zips on the front and pockets ensure comfortable and safe use when out and about. Ideal as a single layer in mild weather or as a mid-layer under a hardshell when extra protection is required, this jacket adapts effortlessly to different conditions and everyday life.<\/p>\n<p>Material: Upper material: 100% recycled polyester. Outer material: 100% polyester<\/p>","protected":false},"excerpt":{"rendered":"<p>Die Oak Harbor Softshell Jacket ist eine vielseitige wind- und wasserabweisende Jacke aus elastischem Softshell-Material, die hervorragende Bewegungsfreiheit und zuverl\u00e4ssigen Schutz bei wechselhaftem Wetter bietet. Mit den charakteristischen Designelementen der Oak Harbor-Serie vereint sie einen modernen, klaren Look mit durchdachter Funktionalit\u00e4t. Auto-Lock-Reissverschl\u00fcsse an Front und Taschen sorgen f\u00fcr komfortable und sichere Nutzung unterwegs. Ideal als [&hellip;]<\/p>\n","protected":false},"featured_media":706698,"template":"","meta":[],"product_brand":[],"product_cat":[4186],"product_tag":[],"class_list":{"0":"post-706669","1":"product","2":"type-product","3":"status-publish","4":"has-post-thumbnail","6":"product_cat-jacken","7":"pa_brand-cutter-buck","8":"pa_brand-type-workwear","9":"pa_filter-color-blau","10":"pa_filter-color-schwarz","12":"first","13":"instock","14":"sale","15":"taxable","16":"shipping-taxable","17":"purchasable","18":"product-type-variable","19":"add-to-wishlist-before_image"},"exclude_global_add_ons":[],"addons":[],"acf":[],"_links":{"self":[{"href":"https:\/\/shop.kustom.ch\/en\/wp-json\/wp\/v2\/product\/706669"}],"collection":[{"href":"https:\/\/shop.kustom.ch\/en\/wp-json\/wp\/v2\/product"}],"about":[{"href":"https:\/\/shop.kustom.ch\/en\/wp-json\/wp\/v2\/types\/product"}],"wp:featuredmedia":[{"embeddable":true,"href":"https:\/\/shop.kustom.ch\/en\/wp-json\/wp\/v2\/media\/706698"}],"wp:attachment":[{"href":"https:\/\/shop.kustom.ch\/en\/wp-json\/wp\/v2\/media?parent=706669"}],"wp:term":[{"taxonomy":"product_brand","embeddable":true,"href":"https:\/\/shop.kustom.ch\/en\/wp-json\/wp\/v2\/product_brand?post=706669"},{"taxonomy":"product_cat","embeddable":true,"href":"https:\/\/shop.kustom.ch\/en\/wp-json\/wp\/v2\/product_cat?post=706669"},{"taxonomy":"product_tag","embeddable":true,"href":"https:\/\/shop.kustom.ch\/en\/wp-json\/wp\/v2\/product_tag?post=706669"}],"curies":[{"name":"wp","href":"https:\/\/api.w.org\/{rel}","templated":true}]}}