{"id":706619,"date":"2026-03-23T13:10:29","date_gmt":"2026-03-23T12:10:29","guid":{"rendered":"https:\/\/shop.kustom.ch\/?post_type=product&#038;p=706619"},"modified":"2026-03-31T11:30:27","modified_gmt":"2026-03-31T10:30:27","slug":"hunts-point-fleece-full-zip-men","status":"publish","type":"product","link":"https:\/\/shop.kustom.ch\/en\/product\/hunts-point-fleece-full-zip-men\/","title":{"rendered":"Hunts Point Fleece Full Zip Men"},"content":{"rendered":"<p>The Hunts Point Fleece Full Zip is an exceptionally soft and comfortable fleece jacket made from recycled polyester with an elegant and modern design. The jacquard structure material ensures effective temperature regulation and excellent breathability with moisture wicking, making it versatile and functional for work, leisure or sporting activities.<\/p>\n<p>- YKK\u00ae zip with CB zip at the front<br \/>\n- Jacquard structure fleece<br \/>\n- Secure side pockets with zip fastener<br \/>\n- CB embroidery on the back collar<br \/>\n- CUTTER &amp; BUCK rubber label on the front<\/p>\n<p>Material: 100% recycled polyester<\/p>","protected":false},"excerpt":{"rendered":"<p>Der Hunts Point Fleece Full Zip ist eine aussergew\u00f6hnlich weiche und bequeme Fleecejacke aus recyceltem Polyester, die durch ein elegantes und modernes Design besticht. Das Jacquard-Strukturmaterial sorgt f\u00fcr effektive Temperaturregulierung und hervorragende Atmungsaktivit\u00e4t mit Feuchtigkeitsableitung, wodurch sie vielseitig und funktional f\u00fcr Arbeit, Freizeit oder sportliche Aktivit\u00e4ten geeignet ist. \u2022 YKK\u00ae-Reissverschluss mit CB-Zipper vorne \u2022 Jacquard-Struktur-Fleece [&hellip;]<\/p>\n","protected":false},"featured_media":706622,"template":"","meta":[],"product_brand":[],"product_cat":[4184],"product_tag":[],"class_list":{"0":"post-706619","1":"product","2":"type-product","3":"status-publish","4":"has-post-thumbnail","6":"product_cat-hoodies-pullover","7":"pa_brand-cutter-buck","8":"pa_brand-type-workwear","9":"pa_filter-color-blau","10":"pa_filter-color-grau","11":"pa_filter-color-gruen","12":"pa_filter-color-schwarz","14":"first","15":"instock","16":"sale","17":"taxable","18":"shipping-taxable","19":"purchasable","20":"product-type-variable","21":"add-to-wishlist-before_image"},"exclude_global_add_ons":[],"addons":[],"acf":[],"_links":{"self":[{"href":"https:\/\/shop.kustom.ch\/en\/wp-json\/wp\/v2\/product\/706619"}],"collection":[{"href":"https:\/\/shop.kustom.ch\/en\/wp-json\/wp\/v2\/product"}],"about":[{"href":"https:\/\/shop.kustom.ch\/en\/wp-json\/wp\/v2\/types\/product"}],"wp:featuredmedia":[{"embeddable":true,"href":"https:\/\/shop.kustom.ch\/en\/wp-json\/wp\/v2\/media\/706622"}],"wp:attachment":[{"href":"https:\/\/shop.kustom.ch\/en\/wp-json\/wp\/v2\/media?parent=706619"}],"wp:term":[{"taxonomy":"product_brand","embeddable":true,"href":"https:\/\/shop.kustom.ch\/en\/wp-json\/wp\/v2\/product_brand?post=706619"},{"taxonomy":"product_cat","embeddable":true,"href":"https:\/\/shop.kustom.ch\/en\/wp-json\/wp\/v2\/product_cat?post=706619"},{"taxonomy":"product_tag","embeddable":true,"href":"https:\/\/shop.kustom.ch\/en\/wp-json\/wp\/v2\/product_tag?post=706619"}],"curies":[{"name":"wp","href":"https:\/\/api.w.org\/{rel}","templated":true}]}}