{"id":705075,"date":"2026-03-18T18:29:28","date_gmt":"2026-03-18T17:29:28","guid":{"rendered":"https:\/\/shop.kustom.ch\/?post_type=product&#038;p=705075"},"modified":"2026-03-27T15:19:41","modified_gmt":"2026-03-27T14:19:41","slug":"collective-bi-blend-ss-tee-m","status":"publish","type":"product","link":"https:\/\/shop.kustom.ch\/en\/product\/collective-bi-blend-ss-tee-m\/","title":{"rendered":"Collective Bi-Blend Ss Tee M"},"content":{"rendered":"<p>Soft, comfortable training T-shirt for advanced athletes made from a blend of Tencel and recycled polyester that is suitable for most intensive sports activities. - Regular fit - Soft Tencel and recycled polyester blend with optimal moisture transport<\/p>\n<p>Material: 55% recycled polyester, 45% Lyocell<\/p>","protected":false},"excerpt":{"rendered":"<p>Weiches, bequemes Training-T-Shirt f\u00fcr Fortgeschrittene aus einem Gemisch aus Tencel und Recycling-Polyester, das f\u00fcr die meisten intensiven sportlichen Aktivit\u00e4ten geeignet ist. \u2022 Normale Passform \u2022 Weiches Tencel- und Recycling-Polyester-Gemisch mit optimalem Feuchtigkeitstransport Material: 55% Recycling-Polyester, 45% Lyocell<\/p>","protected":false},"featured_media":705076,"template":"","meta":[],"product_brand":[],"product_cat":[4201],"product_tag":[],"class_list":{"0":"post-705075","1":"product","2":"type-product","3":"status-publish","4":"has-post-thumbnail","6":"product_cat-t-shirts","7":"pa_brand-craft","8":"pa_brand-type-sportswear","9":"pa_filter-color-braun","10":"pa_filter-color-grau","11":"pa_filter-color-gruen","12":"pa_filter-color-schwarz","13":"pa_filter-color-weiss","15":"first","16":"instock","17":"sale","18":"taxable","19":"shipping-taxable","20":"purchasable","21":"product-type-variable","22":"add-to-wishlist-before_image"},"exclude_global_add_ons":[],"addons":[],"acf":[],"_links":{"self":[{"href":"https:\/\/shop.kustom.ch\/en\/wp-json\/wp\/v2\/product\/705075"}],"collection":[{"href":"https:\/\/shop.kustom.ch\/en\/wp-json\/wp\/v2\/product"}],"about":[{"href":"https:\/\/shop.kustom.ch\/en\/wp-json\/wp\/v2\/types\/product"}],"wp:featuredmedia":[{"embeddable":true,"href":"https:\/\/shop.kustom.ch\/en\/wp-json\/wp\/v2\/media\/705076"}],"wp:attachment":[{"href":"https:\/\/shop.kustom.ch\/en\/wp-json\/wp\/v2\/media?parent=705075"}],"wp:term":[{"taxonomy":"product_brand","embeddable":true,"href":"https:\/\/shop.kustom.ch\/en\/wp-json\/wp\/v2\/product_brand?post=705075"},{"taxonomy":"product_cat","embeddable":true,"href":"https:\/\/shop.kustom.ch\/en\/wp-json\/wp\/v2\/product_cat?post=705075"},{"taxonomy":"product_tag","embeddable":true,"href":"https:\/\/shop.kustom.ch\/en\/wp-json\/wp\/v2\/product_tag?post=705075"}],"curies":[{"name":"wp","href":"https:\/\/api.w.org\/{rel}","templated":true}]}}