{"id":704911,"date":"2026-03-18T18:08:11","date_gmt":"2026-03-18T17:08:11","guid":{"rendered":"https:\/\/shop.kustom.ch\/?post_type=product&#038;p=704911"},"modified":"2026-03-27T15:56:58","modified_gmt":"2026-03-27T14:56:58","slug":"ability-baselayer-ls-jr","status":"publish","type":"product","link":"https:\/\/shop.kustom.ch\/en\/product\/ability-baselayer-ls-jr\/","title":{"rendered":"Ability Baselayer LS JR"},"content":{"rendered":"<p>The Ability Baselayer LS is an extremely stretchy, highly functional long-sleeved vest designed for training or as a vest under a jersey on cool match days. The garment is made from a lightweight blend of recycled polyester and elastane and offers efficient moisture wicking and exceptional stretch, ensuring a comfortable fit and unrestricted freedom of movement.<\/p>\n<p>- Lightweight material made from recycled polyester and elastane<br \/>\n- High elasticity<br \/>\n- Tight fit<\/p>\n<p>Material: 87 % recycled polyester, 13 % elastane<\/p>","protected":false},"excerpt":{"rendered":"<p>Das Ability Baselayer LS ist ein \u00e4usserst elastisches, hochfunktionelles Langarm-Unterhemd, das f\u00fcr das Training oder als Unterhemd unter dem Trikot an k\u00fchlen Spieltagen konzipiert ist. Das Kleidungsst\u00fcck besteht aus einer leichten Mischung aus recyceltem Polyester und Elasthan und bietet einen effizienten Feuchtigkeitstransport sowie aussergew\u00f6hnliche Dehnbarkeit, wodurch eine bequeme Passform und uneingeschr\u00e4nkte Bewegungsfreiheit gew\u00e4hrleistet sind. \u2022 [&hellip;]<\/p>\n","protected":false},"featured_media":704938,"template":"","meta":[],"product_brand":[],"product_cat":[4201],"product_tag":[],"class_list":{"0":"post-704911","1":"product","2":"type-product","3":"status-publish","4":"has-post-thumbnail","6":"product_cat-t-shirts","7":"pa_brand-craft","8":"pa_brand-type-sportswear","9":"pa_filter-color-blau","10":"pa_filter-color-gruen","11":"pa_filter-color-rot","12":"pa_filter-color-schwarz","13":"pa_filter-color-weiss","15":"first","16":"instock","17":"sale","18":"taxable","19":"shipping-taxable","20":"purchasable","21":"product-type-variable","22":"add-to-wishlist-before_image"},"exclude_global_add_ons":[],"addons":[],"acf":[],"_links":{"self":[{"href":"https:\/\/shop.kustom.ch\/en\/wp-json\/wp\/v2\/product\/704911"}],"collection":[{"href":"https:\/\/shop.kustom.ch\/en\/wp-json\/wp\/v2\/product"}],"about":[{"href":"https:\/\/shop.kustom.ch\/en\/wp-json\/wp\/v2\/types\/product"}],"wp:featuredmedia":[{"embeddable":true,"href":"https:\/\/shop.kustom.ch\/en\/wp-json\/wp\/v2\/media\/704938"}],"wp:attachment":[{"href":"https:\/\/shop.kustom.ch\/en\/wp-json\/wp\/v2\/media?parent=704911"}],"wp:term":[{"taxonomy":"product_brand","embeddable":true,"href":"https:\/\/shop.kustom.ch\/en\/wp-json\/wp\/v2\/product_brand?post=704911"},{"taxonomy":"product_cat","embeddable":true,"href":"https:\/\/shop.kustom.ch\/en\/wp-json\/wp\/v2\/product_cat?post=704911"},{"taxonomy":"product_tag","embeddable":true,"href":"https:\/\/shop.kustom.ch\/en\/wp-json\/wp\/v2\/product_tag?post=704911"}],"curies":[{"name":"wp","href":"https:\/\/api.w.org\/{rel}","templated":true}]}}