{"id":704633,"date":"2026-03-18T17:46:31","date_gmt":"2026-03-18T16:46:31","guid":{"rendered":"https:\/\/shop.kustom.ch\/?post_type=product&#038;p=704633"},"modified":"2026-03-27T15:55:41","modified_gmt":"2026-03-27T14:55:41","slug":"community-2-0-fz-hoodie-m","status":"publish","type":"product","link":"https:\/\/shop.kustom.ch\/en\/product\/community-2-0-fz-hoodie-m\/","title":{"rendered":"Community 2.0 FZ Hoodie M"},"content":{"rendered":"<p>The Community 2.0 FZ Hoodie combines a relaxed yet athletic fit with a sporty expression, making it a great choice for laid-back moments off the pitch. Made from a soft blend of recycled polyester and organic cotton with a brushed interior, this casual hoodie is soft to the touch and comfortable to wear, continuously boosting team spirit. Its clear design makes it perfect for displaying club, sponsor or company logos.<\/p>\n<p>- Soft material made from recycled polyester and organic cotton<br \/>\n- Brushed inside<br \/>\n- Full-length zip at the front<br \/>\n- Two side pockets<br \/>\n- Ribbed cuffs and hem<br \/>\n- Normal cut<\/p>\n<p>Material: 60 % organic cotton, 40 % recycled cotton<\/p>","protected":false},"excerpt":{"rendered":"<p>Der Community 2.0 FZ Hoodie vereint eine entspannte und dennoch athletische Passform mit einem sportlichen Ausdruck und ist somit eine hervorragende Wahl f\u00fcr entspannte Momente ausserhalb des Spielfelds. Diese l\u00e4ssige Kapuzenjacke besteht aus einer weichen Mischung aus recyceltem Polyester und Bio-Baumwolle mit einer geb\u00fcrsteten Innenseite und bietet einen weichen Griff und hohen Tragekomfort, wodurch der [&hellip;]<\/p>\n","protected":false},"featured_media":704670,"template":"","meta":[],"product_brand":[],"product_cat":[4184],"product_tag":[],"class_list":{"0":"post-704633","1":"product","2":"type-product","3":"status-publish","4":"has-post-thumbnail","6":"product_cat-hoodies-pullover","7":"pa_brand-craft","8":"pa_brand-type-sportswear","9":"pa_filter-color-blau","10":"pa_filter-color-schwarz","12":"first","13":"instock","14":"sale","15":"taxable","16":"shipping-taxable","17":"purchasable","18":"product-type-variable","19":"add-to-wishlist-before_image"},"exclude_global_add_ons":[],"addons":[],"acf":[],"_links":{"self":[{"href":"https:\/\/shop.kustom.ch\/en\/wp-json\/wp\/v2\/product\/704633"}],"collection":[{"href":"https:\/\/shop.kustom.ch\/en\/wp-json\/wp\/v2\/product"}],"about":[{"href":"https:\/\/shop.kustom.ch\/en\/wp-json\/wp\/v2\/types\/product"}],"wp:featuredmedia":[{"embeddable":true,"href":"https:\/\/shop.kustom.ch\/en\/wp-json\/wp\/v2\/media\/704670"}],"wp:attachment":[{"href":"https:\/\/shop.kustom.ch\/en\/wp-json\/wp\/v2\/media?parent=704633"}],"wp:term":[{"taxonomy":"product_brand","embeddable":true,"href":"https:\/\/shop.kustom.ch\/en\/wp-json\/wp\/v2\/product_brand?post=704633"},{"taxonomy":"product_cat","embeddable":true,"href":"https:\/\/shop.kustom.ch\/en\/wp-json\/wp\/v2\/product_cat?post=704633"},{"taxonomy":"product_tag","embeddable":true,"href":"https:\/\/shop.kustom.ch\/en\/wp-json\/wp\/v2\/product_tag?post=704633"}],"curies":[{"name":"wp","href":"https:\/\/api.w.org\/{rel}","templated":true}]}}