{"id":704315,"date":"2026-03-18T17:43:29","date_gmt":"2026-03-18T16:43:29","guid":{"rendered":"https:\/\/shop.kustom.ch\/?post_type=product&#038;p=704315"},"modified":"2026-03-27T15:54:23","modified_gmt":"2026-03-27T14:54:23","slug":"evolve-2-0-graphic-jersey-m","status":"publish","type":"product","link":"https:\/\/shop.kustom.ch\/en\/product\/evolve-2-0-graphic-jersey-m\/","title":{"rendered":"Evolve 2.0 Graphic Jersey M"},"content":{"rendered":"<p>The Evolve 2.0 Graphic Jersey is a highly breathable, high-performance player jersey. It features ventilated jacquard knit side panels combined with moisture-wicking interlock fabric on the front and back for excellent breathability, comfort and body temperature regulation during demanding matches. A dynamic tone-on-tone graphic print on the front adds a modern touch to this jersey, making it an excellent choice for clubs and teams looking to enhance their visual identity.<\/p>\n<p>- Lightweight material made from 100 % recycled polyester<br \/>\n- Jacquard knit side inserts<br \/>\n- Graphic print on the front<br \/>\n- Normal cut<\/p>\n<p>Material: Main fabric: 100 % recycled polyester<br \/>\nSide inserts: 92 % recycled polyester, 8 % elastane<\/p>","protected":false},"excerpt":{"rendered":"<p>Das Evolve 2.0 Graphic Jersey ist ein hoch atmungsaktives, leistungsstarkes Spielertrikot. Es verf\u00fcgt \u00fcber bel\u00fcftete Jacquard-Strick-Seitenteile in Kombination mit feuchtigkeitstransportierendem Interlock-Material auf der Vorder- und R\u00fcckseite, was f\u00fcr hervorragende Atmungsaktivit\u00e4t, Komfort und Regulierung der K\u00f6rpertemperatur w\u00e4hrend anspruchsvoller Spiele sorgt. Ein dynamischer Ton-in-Ton-Grafikdruck auf der Vorderseite verleiht diesem Trikot einen modernen Touch und macht es zu [&hellip;]<\/p>\n","protected":false},"featured_media":704357,"template":"","meta":[],"product_brand":[],"product_cat":[4201],"product_tag":[],"class_list":{"0":"post-704315","1":"product","2":"type-product","3":"status-publish","4":"has-post-thumbnail","6":"product_cat-t-shirts","7":"pa_brand-craft","8":"pa_brand-type-sportswear","9":"pa_filter-color-blau","10":"pa_filter-color-gelb","11":"pa_filter-color-gruen","12":"pa_filter-color-rot","13":"pa_filter-color-schwarz","14":"pa_filter-color-weiss","16":"first","17":"instock","18":"sale","19":"taxable","20":"shipping-taxable","21":"purchasable","22":"product-type-variable","23":"add-to-wishlist-before_image"},"exclude_global_add_ons":[],"addons":[],"acf":[],"_links":{"self":[{"href":"https:\/\/shop.kustom.ch\/en\/wp-json\/wp\/v2\/product\/704315"}],"collection":[{"href":"https:\/\/shop.kustom.ch\/en\/wp-json\/wp\/v2\/product"}],"about":[{"href":"https:\/\/shop.kustom.ch\/en\/wp-json\/wp\/v2\/types\/product"}],"wp:featuredmedia":[{"embeddable":true,"href":"https:\/\/shop.kustom.ch\/en\/wp-json\/wp\/v2\/media\/704357"}],"wp:attachment":[{"href":"https:\/\/shop.kustom.ch\/en\/wp-json\/wp\/v2\/media?parent=704315"}],"wp:term":[{"taxonomy":"product_brand","embeddable":true,"href":"https:\/\/shop.kustom.ch\/en\/wp-json\/wp\/v2\/product_brand?post=704315"},{"taxonomy":"product_cat","embeddable":true,"href":"https:\/\/shop.kustom.ch\/en\/wp-json\/wp\/v2\/product_cat?post=704315"},{"taxonomy":"product_tag","embeddable":true,"href":"https:\/\/shop.kustom.ch\/en\/wp-json\/wp\/v2\/product_tag?post=704315"}],"curies":[{"name":"wp","href":"https:\/\/api.w.org\/{rel}","templated":true}]}}