{"id":704314,"date":"2026-03-18T17:43:29","date_gmt":"2026-03-18T16:43:29","guid":{"rendered":"https:\/\/shop.kustom.ch\/?post_type=product&#038;p=704314"},"modified":"2026-03-27T15:54:10","modified_gmt":"2026-03-27T14:54:10","slug":"evolve-2-0-contrast-jersey-jr","status":"publish","type":"product","link":"https:\/\/shop.kustom.ch\/en\/product\/evolve-2-0-contrast-jersey-jr\/","title":{"rendered":"Evolve 2.0 Contrast Jersey Jr"},"content":{"rendered":"<p>The Evolve 2.0 Contrast Jersey is a stretchy, breathable match and training shirt designed for high performance requirements. With its innovative jacquard material in the main area, it offers an optimum combination of functionality and comfort. In addition, contrasting colour inserts on the sleeves and sides create an eye-catching two-tone design, making the shirt an excellent choice for clubs and teams looking to refresh their look.<\/p>\n<p>- Stretchy and breathable material made from recycled polyester and elastane<br \/>\n- Jacquard knit material in the main section<br \/>\n- Contrasting colour inserts<br \/>\n- Normal cut<\/p>\n<p>Material: Main fabric: 92 % recycled polyester, 8 % elastane<br \/>\nSide inserts: 100 % recycled polyester<\/p>","protected":false},"excerpt":{"rendered":"<p>Das Evolve 2.0 Contrast Jersey ist ein dehnbares, atmungsaktives Spiel- und Trainingsshirt, das f\u00fcr hohe Leistungsanforderungen entwickelt wurde. Mit seinem innovativen Jacquard-Material im Hauptbereich bietet es eine optimale Kombination aus Funktionalit\u00e4t und Komfort. Dar\u00fcber hinaus sorgen kontrastfarbene Eins\u00e4tze an den \u00c4rmeln und Seiten f\u00fcr ein auff\u00e4lliges zweifarbiges Design, wodurch das Shirt eine hervorragende Wahl f\u00fcr [&hellip;]<\/p>\n","protected":false},"featured_media":704316,"template":"","meta":[],"product_brand":[],"product_cat":[4201],"product_tag":[],"class_list":{"0":"post-704314","1":"product","2":"type-product","3":"status-publish","4":"has-post-thumbnail","6":"product_cat-t-shirts","7":"pa_brand-craft","8":"pa_brand-type-sportswear","9":"pa_filter-color-blau","10":"pa_filter-color-gruen","11":"pa_filter-color-rot","12":"pa_filter-color-schwarz","13":"pa_filter-color-weiss","15":"first","16":"instock","17":"sale","18":"taxable","19":"shipping-taxable","20":"purchasable","21":"product-type-variable","22":"add-to-wishlist-before_image"},"exclude_global_add_ons":[],"addons":[],"acf":[],"_links":{"self":[{"href":"https:\/\/shop.kustom.ch\/en\/wp-json\/wp\/v2\/product\/704314"}],"collection":[{"href":"https:\/\/shop.kustom.ch\/en\/wp-json\/wp\/v2\/product"}],"about":[{"href":"https:\/\/shop.kustom.ch\/en\/wp-json\/wp\/v2\/types\/product"}],"wp:featuredmedia":[{"embeddable":true,"href":"https:\/\/shop.kustom.ch\/en\/wp-json\/wp\/v2\/media\/704316"}],"wp:attachment":[{"href":"https:\/\/shop.kustom.ch\/en\/wp-json\/wp\/v2\/media?parent=704314"}],"wp:term":[{"taxonomy":"product_brand","embeddable":true,"href":"https:\/\/shop.kustom.ch\/en\/wp-json\/wp\/v2\/product_brand?post=704314"},{"taxonomy":"product_cat","embeddable":true,"href":"https:\/\/shop.kustom.ch\/en\/wp-json\/wp\/v2\/product_cat?post=704314"},{"taxonomy":"product_tag","embeddable":true,"href":"https:\/\/shop.kustom.ch\/en\/wp-json\/wp\/v2\/product_tag?post=704314"}],"curies":[{"name":"wp","href":"https:\/\/api.w.org\/{rel}","templated":true}]}}