{"id":704155,"date":"2026-03-18T17:42:08","date_gmt":"2026-03-18T16:42:08","guid":{"rendered":"https:\/\/shop.kustom.ch\/?post_type=product&#038;p=704155"},"modified":"2026-03-27T15:53:41","modified_gmt":"2026-03-27T14:53:41","slug":"ability-jersey-shorts-jr","status":"publish","type":"product","link":"https:\/\/shop.kustom.ch\/en\/product\/ability-jersey-shorts-jr\/","title":{"rendered":"Ability Jersey Shorts Jr"},"content":{"rendered":"<p>Ability Jersey ShThe Ability Jersey Shorts are lightweight and stretchy match and training shorts. Made from thin and breathable recycled fabric, these versatile shorts offer excellent moisture wicking to keep you cool and dry during intense training sessions. In addition, an elasticated waistband with adjustable drawstring ensures an excellent fit.<\/p>\n<p>- Lightweight and stretchy material made from 100 % recycled polyester<br \/>\n- Waistband with drawstring<br \/>\n- Short inseam (leg length)<br \/>\n- Normal cut<\/p>\n<p>Material: 100 % recycled polyester<\/p>","protected":false},"excerpt":{"rendered":"<p>Ability Jersey ShDie Ability Jersey Shorts sind leichte und elastische Match- und Trainingsshorts. Diese vielseitigen Shorts sind aus d\u00fcnnem und atmungsaktivem recyceltem Material gefertigt und bieten einen hervorragenden Feuchtigkeitstransport, damit Sie auch bei intensiven Trainingseinheiten k\u00fchl und trocken bleiben. Dar\u00fcber hinaus sorgt ein elastischer Bund mit verstellbarem Kordelzug f\u00fcr eine hervorragende Passform. \u2022 Leichtes und [&hellip;]<\/p>\n","protected":false},"featured_media":704180,"template":"","meta":[],"product_brand":[],"product_cat":[4198],"product_tag":[],"class_list":{"0":"post-704155","1":"product","2":"type-product","3":"status-publish","4":"has-post-thumbnail","6":"product_cat-shorts","7":"pa_brand-craft","8":"pa_brand-type-sportswear","9":"pa_filter-color-blau","10":"pa_filter-color-schwarz","12":"first","13":"instock","14":"sale","15":"taxable","16":"shipping-taxable","17":"purchasable","18":"product-type-variable","19":"add-to-wishlist-before_image"},"exclude_global_add_ons":[],"addons":[],"acf":[],"_links":{"self":[{"href":"https:\/\/shop.kustom.ch\/en\/wp-json\/wp\/v2\/product\/704155"}],"collection":[{"href":"https:\/\/shop.kustom.ch\/en\/wp-json\/wp\/v2\/product"}],"about":[{"href":"https:\/\/shop.kustom.ch\/en\/wp-json\/wp\/v2\/types\/product"}],"wp:featuredmedia":[{"embeddable":true,"href":"https:\/\/shop.kustom.ch\/en\/wp-json\/wp\/v2\/media\/704180"}],"wp:attachment":[{"href":"https:\/\/shop.kustom.ch\/en\/wp-json\/wp\/v2\/media?parent=704155"}],"wp:term":[{"taxonomy":"product_brand","embeddable":true,"href":"https:\/\/shop.kustom.ch\/en\/wp-json\/wp\/v2\/product_brand?post=704155"},{"taxonomy":"product_cat","embeddable":true,"href":"https:\/\/shop.kustom.ch\/en\/wp-json\/wp\/v2\/product_cat?post=704155"},{"taxonomy":"product_tag","embeddable":true,"href":"https:\/\/shop.kustom.ch\/en\/wp-json\/wp\/v2\/product_tag?post=704155"}],"curies":[{"name":"wp","href":"https:\/\/api.w.org\/{rel}","templated":true}]}}