{"id":704100,"date":"2026-03-18T17:41:05","date_gmt":"2026-03-18T16:41:05","guid":{"rendered":"https:\/\/shop.kustom.ch\/?post_type=product&#038;p=704100"},"modified":"2026-03-27T15:53:20","modified_gmt":"2026-03-27T14:53:20","slug":"evolve-2-0-slim-pant-m","status":"publish","type":"product","link":"https:\/\/shop.kustom.ch\/en\/product\/evolve-2-0-slim-pant-m\/","title":{"rendered":"Evolve 2.0 Slim Pant M"},"content":{"rendered":"<p>The Evolve 2.0 Slim Pants are stretchy and durable training trousers with a slim, athletic fit designed for high-intensity training sessions. Made from recycled polyester, they offer excellent moisture wicking to keep you dry and comfortable during demanding training sessions. In addition, an elasticated waistband ensures a flexible fit, while a clean, minimalist design offers a timeless look and ample space for team logos and crests.<\/p>\n<p>- Stretchy and hard-wearing materials made from 100 % recycled polyester<br \/>\n- Elasticated waistband with drawstring<br \/>\n- Rib-knit leg cuffs<br \/>\n- Tight fit<\/p>\n<p>Material: Main fabric: 92 % recycled polyester, 8 % elastane<br \/>\nSide inserts: 100 % recycled polyester<\/p>","protected":false},"excerpt":{"rendered":"<p>Die Evolve 2.0 Slim Pants sind elastische und strapazierf\u00e4hige Trainingshosen mit einer schlanken, athletischen Passform, die f\u00fcr hochintensive Trainingseinheiten entwickelt wurden. Sie bestehen aus recyceltem Polyester und bieten einen hervorragenden Feuchtigkeitstransport, damit Sie w\u00e4hrend anspruchsvoller Trainingseinheiten trocken bleiben und sich wohlf\u00fchlen. Dar\u00fcber hinaus sorgt ein elastischer Bund f\u00fcr eine flexible Passform, w\u00e4hrend ein klares, minimalistisches [&hellip;]<\/p>\n","protected":false},"featured_media":704119,"template":"","meta":[],"product_brand":[],"product_cat":[4185],"product_tag":[],"class_list":{"0":"post-704100","1":"product","2":"type-product","3":"status-publish","4":"has-post-thumbnail","6":"product_cat-hosen","7":"pa_brand-craft","8":"pa_brand-type-sportswear","9":"pa_filter-color-blau","10":"pa_filter-color-schwarz","12":"first","13":"instock","14":"sale","15":"taxable","16":"shipping-taxable","17":"purchasable","18":"product-type-variable","19":"add-to-wishlist-before_image"},"exclude_global_add_ons":[],"addons":[],"acf":[],"_links":{"self":[{"href":"https:\/\/shop.kustom.ch\/en\/wp-json\/wp\/v2\/product\/704100"}],"collection":[{"href":"https:\/\/shop.kustom.ch\/en\/wp-json\/wp\/v2\/product"}],"about":[{"href":"https:\/\/shop.kustom.ch\/en\/wp-json\/wp\/v2\/types\/product"}],"wp:featuredmedia":[{"embeddable":true,"href":"https:\/\/shop.kustom.ch\/en\/wp-json\/wp\/v2\/media\/704119"}],"wp:attachment":[{"href":"https:\/\/shop.kustom.ch\/en\/wp-json\/wp\/v2\/media?parent=704100"}],"wp:term":[{"taxonomy":"product_brand","embeddable":true,"href":"https:\/\/shop.kustom.ch\/en\/wp-json\/wp\/v2\/product_brand?post=704100"},{"taxonomy":"product_cat","embeddable":true,"href":"https:\/\/shop.kustom.ch\/en\/wp-json\/wp\/v2\/product_cat?post=704100"},{"taxonomy":"product_tag","embeddable":true,"href":"https:\/\/shop.kustom.ch\/en\/wp-json\/wp\/v2\/product_tag?post=704100"}],"curies":[{"name":"wp","href":"https:\/\/api.w.org\/{rel}","templated":true}]}}