{"id":704016,"date":"2026-03-18T17:39:46","date_gmt":"2026-03-18T16:39:46","guid":{"rendered":"https:\/\/shop.kustom.ch\/?post_type=product&#038;p=704016"},"modified":"2026-03-27T15:52:46","modified_gmt":"2026-03-27T14:52:46","slug":"extend-2-0-shorts-m","status":"publish","type":"product","link":"https:\/\/shop.kustom.ch\/en\/product\/extend-2-0-shorts-m\/","title":{"rendered":"Extend 2.0 Shorts M"},"content":{"rendered":"<p>The Extend 2.0 shorts are high-quality match shorts developed for top football teams. The shorts are made from lightweight jacquard material and offer excellent moisture transport to keep you dry and comfortable during demanding matches. The welded leg hems ensure a clean finish, while side slits improve freedom of movement. <\/p>\n<p>- Lightweight jacquard knit material made from 100 % recycled polyester<br \/>\n- Welded leg ends<br \/>\n- Slits on the sides<br \/>\n- Normal cut<\/p>\n<p>Material: 100 % recycled polyester<\/p>","protected":false},"excerpt":{"rendered":"<p>Die Extend 2.0 Shorts sind hochwertige Spielshorts, die f\u00fcr Spitzenfussballmannschaften entwickelt wurden. Die Shorts bestehen aus leichtem Jacquard-Material und bieten einen hervorragenden Feuchtigkeitstransport, damit Sie auch bei anspruchsvollen Spielen trocken bleiben und sich wohlf\u00fchlen. Die verschweissten Beinabschl\u00fcsse sorgen f\u00fcr einen sauberen Abschluss, w\u00e4hrend Seitenschlitze die Bewegungsfreiheit verbessern. \u2022 Leichtes Jacquard-Strickmaterial aus 100 % recyceltem Polyester [&hellip;]<\/p>\n","protected":false},"featured_media":704058,"template":"","meta":[],"product_brand":[],"product_cat":[4198],"product_tag":[],"class_list":{"0":"post-704016","1":"product","2":"type-product","3":"status-publish","4":"has-post-thumbnail","6":"product_cat-shorts","7":"pa_brand-craft","8":"pa_brand-type-sportswear","9":"pa_filter-color-blau","10":"pa_filter-color-schwarz","12":"first","13":"instock","14":"sale","15":"taxable","16":"shipping-taxable","17":"purchasable","18":"product-type-variable","19":"add-to-wishlist-before_image"},"exclude_global_add_ons":[],"addons":[],"acf":[],"_links":{"self":[{"href":"https:\/\/shop.kustom.ch\/en\/wp-json\/wp\/v2\/product\/704016"}],"collection":[{"href":"https:\/\/shop.kustom.ch\/en\/wp-json\/wp\/v2\/product"}],"about":[{"href":"https:\/\/shop.kustom.ch\/en\/wp-json\/wp\/v2\/types\/product"}],"wp:featuredmedia":[{"embeddable":true,"href":"https:\/\/shop.kustom.ch\/en\/wp-json\/wp\/v2\/media\/704058"}],"wp:attachment":[{"href":"https:\/\/shop.kustom.ch\/en\/wp-json\/wp\/v2\/media?parent=704016"}],"wp:term":[{"taxonomy":"product_brand","embeddable":true,"href":"https:\/\/shop.kustom.ch\/en\/wp-json\/wp\/v2\/product_brand?post=704016"},{"taxonomy":"product_cat","embeddable":true,"href":"https:\/\/shop.kustom.ch\/en\/wp-json\/wp\/v2\/product_cat?post=704016"},{"taxonomy":"product_tag","embeddable":true,"href":"https:\/\/shop.kustom.ch\/en\/wp-json\/wp\/v2\/product_tag?post=704016"}],"curies":[{"name":"wp","href":"https:\/\/api.w.org\/{rel}","templated":true}]}}