{"id":703969,"date":"2026-03-18T17:39:11","date_gmt":"2026-03-18T16:39:11","guid":{"rendered":"https:\/\/shop.kustom.ch\/?post_type=product&#038;p=703969"},"modified":"2026-03-27T15:51:46","modified_gmt":"2026-03-27T14:51:46","slug":"ability-zip-pocket-shorts-w","status":"publish","type":"product","link":"https:\/\/shop.kustom.ch\/en\/product\/ability-zip-pocket-shorts-w\/","title":{"rendered":"Ability Zip Pocket Shorts W"},"content":{"rendered":"<p>The Ability Zip Pocket Shorts are lightweight training shorts with two zip pockets that are a practical choice not only for players, but also for coaches and staff who value functionality and practicality. These versatile shorts are made from thin and breathable recycled fabric and offer excellent moisture wicking to keep you cool and dry during intense training sessions. In addition, an elasticated waistband with adjustable drawcord combined with side vents ensure an excellent fit and improved freedom of movement, while concealed zips on the pockets provide a clean and stylish look.<\/p>\n<p>- Lightweight material made from 100 % recycled polyester<br \/>\n- Two side pockets with inverted zips<br \/>\n- Waistband with drawstring<br \/>\n- Side slits<br \/>\n- Normal cut<\/p>\n<p>Material: 100 % recycled polyester<\/p>","protected":false},"excerpt":{"rendered":"<p>Die Ability Zip Pocket Shorts sind leichte Trainingsshorts mit zwei Reissverschlusstaschen, die nicht nur f\u00fcr Spieler, sondern auch f\u00fcr Trainer und Mitarbeiter, die Wert auf Funktionalit\u00e4t und Zweckm\u00e4ssigkeit legen, eine praktische Wahl darstellen. Diese vielseitigen Shorts sind aus d\u00fcnnem und atmungsaktivem recyceltem Material gefertigt und bieten einen hervorragenden Feuchtigkeitstransport, damit Sie auch bei intensiven Trainingseinheiten [&hellip;]<\/p>\n","protected":false},"featured_media":703998,"template":"","meta":[],"product_brand":[],"product_cat":[4198],"product_tag":[],"class_list":{"0":"post-703969","1":"product","2":"type-product","3":"status-publish","4":"has-post-thumbnail","6":"product_cat-shorts","7":"pa_brand-craft","8":"pa_brand-type-sportswear","9":"pa_filter-color-blau","10":"pa_filter-color-schwarz","12":"first","13":"instock","14":"sale","15":"taxable","16":"shipping-taxable","17":"purchasable","18":"product-type-variable","19":"add-to-wishlist-before_image"},"exclude_global_add_ons":[],"addons":[],"acf":[],"_links":{"self":[{"href":"https:\/\/shop.kustom.ch\/en\/wp-json\/wp\/v2\/product\/703969"}],"collection":[{"href":"https:\/\/shop.kustom.ch\/en\/wp-json\/wp\/v2\/product"}],"about":[{"href":"https:\/\/shop.kustom.ch\/en\/wp-json\/wp\/v2\/types\/product"}],"wp:featuredmedia":[{"embeddable":true,"href":"https:\/\/shop.kustom.ch\/en\/wp-json\/wp\/v2\/media\/703998"}],"wp:attachment":[{"href":"https:\/\/shop.kustom.ch\/en\/wp-json\/wp\/v2\/media?parent=703969"}],"wp:term":[{"taxonomy":"product_brand","embeddable":true,"href":"https:\/\/shop.kustom.ch\/en\/wp-json\/wp\/v2\/product_brand?post=703969"},{"taxonomy":"product_cat","embeddable":true,"href":"https:\/\/shop.kustom.ch\/en\/wp-json\/wp\/v2\/product_cat?post=703969"},{"taxonomy":"product_tag","embeddable":true,"href":"https:\/\/shop.kustom.ch\/en\/wp-json\/wp\/v2\/product_tag?post=703969"}],"curies":[{"name":"wp","href":"https:\/\/api.w.org\/{rel}","templated":true}]}}