{"id":703859,"date":"2026-03-18T17:37:38","date_gmt":"2026-03-18T16:37:38","guid":{"rendered":"https:\/\/shop.kustom.ch\/?post_type=product&#038;p=703859"},"modified":"2026-03-27T15:33:28","modified_gmt":"2026-03-27T14:33:28","slug":"extend-2-0-anorak-w","status":"publish","type":"product","link":"https:\/\/shop.kustom.ch\/en\/product\/extend-2-0-anorak-w\/","title":{"rendered":"Extend 2.0 Anorak W"},"content":{"rendered":"<p>The Extend 2.0 Anorak is a high-quality, water-repellent outer jacket that can be worn over training or warm-up clothing in changeable weather conditions. This versatile anorak jacket is made from a 2-layer material that offers protection against light rain and has a functional mesh lining for efficient moisture transport during high-intensity training sessions. A mesh insert at the back improves ventilation, while the adjustable hood offers additional protection. The anorak also features an elasticated hem with adjustable drawcord, two spacious zipped pockets and a long half-zip at the front for easy on and off.<\/p>\n<p>- Wind and water-repellent 2-layer material made from recycled polyester and polyurethane, WP 3000\/MVP 3000<br \/>\n- Mesh lining made from 100 % recycled polyester<br \/>\n- Ventilating mesh insert on the back<br \/>\n- Long half zip at the front<br \/>\n- Adjustable hood<br \/>\n- Two large front zip pockets<br \/>\n- Elasticated with drawstring at the bottom hem<br \/>\n- Normal cut<\/p>\n<p>Material: Front outer fabric: 100 % recycled polyester<br \/>\nRear outer fabric: 100 % polyurethane<br \/>\nLining: 100 % recycled polyester<\/p>","protected":false},"excerpt":{"rendered":"<p>Der Extend 2.0 Anorak ist eine hochwertige, wasserabweisende Aussenjacke, die bei wechselhaften Wetterbedingungen \u00fcber Trainings- oder Aufw\u00e4rmkleidung getragen werden kann. Diese vielseitige Anorakjacke besteht aus einem 2-lagigen Material, das Schutz vor leichtem Regen bietet, und verf\u00fcgt \u00fcber ein funktionelles Mesh-Futter f\u00fcr einen effizienten Feuchtigkeitstransport bei hochintensiven Trainingseinheiten. Ein Mesh-Einsatz am R\u00fccken verbessert die Bel\u00fcftung, w\u00e4hrend [&hellip;]<\/p>\n","protected":false},"featured_media":703897,"template":"","meta":[],"product_brand":[],"product_cat":[4186],"product_tag":[],"class_list":{"0":"post-703859","1":"product","2":"type-product","3":"status-publish","4":"has-post-thumbnail","6":"product_cat-jacken","7":"pa_brand-craft","8":"pa_brand-type-sportswear","9":"pa_filter-color-schwarz","11":"first","12":"instock","13":"sale","14":"taxable","15":"shipping-taxable","16":"purchasable","17":"product-type-variable","18":"add-to-wishlist-before_image"},"exclude_global_add_ons":[],"addons":[],"acf":[],"_links":{"self":[{"href":"https:\/\/shop.kustom.ch\/en\/wp-json\/wp\/v2\/product\/703859"}],"collection":[{"href":"https:\/\/shop.kustom.ch\/en\/wp-json\/wp\/v2\/product"}],"about":[{"href":"https:\/\/shop.kustom.ch\/en\/wp-json\/wp\/v2\/types\/product"}],"wp:featuredmedia":[{"embeddable":true,"href":"https:\/\/shop.kustom.ch\/en\/wp-json\/wp\/v2\/media\/703897"}],"wp:attachment":[{"href":"https:\/\/shop.kustom.ch\/en\/wp-json\/wp\/v2\/media?parent=703859"}],"wp:term":[{"taxonomy":"product_brand","embeddable":true,"href":"https:\/\/shop.kustom.ch\/en\/wp-json\/wp\/v2\/product_brand?post=703859"},{"taxonomy":"product_cat","embeddable":true,"href":"https:\/\/shop.kustom.ch\/en\/wp-json\/wp\/v2\/product_cat?post=703859"},{"taxonomy":"product_tag","embeddable":true,"href":"https:\/\/shop.kustom.ch\/en\/wp-json\/wp\/v2\/product_tag?post=703859"}],"curies":[{"name":"wp","href":"https:\/\/api.w.org\/{rel}","templated":true}]}}