{"id":703639,"date":"2026-03-18T17:35:22","date_gmt":"2026-03-18T16:35:22","guid":{"rendered":"https:\/\/shop.kustom.ch\/?post_type=product&#038;p=703639"},"modified":"2026-03-27T15:30:26","modified_gmt":"2026-03-27T14:30:26","slug":"evolve-2-0-contrast-full-zip-jacket-m","status":"publish","type":"product","link":"https:\/\/shop.kustom.ch\/en\/product\/evolve-2-0-contrast-full-zip-jacket-m\/","title":{"rendered":"Evolve 2.0 Contrast Full Zip Jacket M"},"content":{"rendered":"<p>The Evolve 2.0 Contrast Full Zip Jacket is a stretchy and durable mid-layer jacket that provides excellent moisture management during intense training sessions. This versatile jacket is made from a textured 100 % recycled polyester fabric and features contrast colour panels on the sleeves and sides. A perfect addition to the Evolve 2.0 collection, the jacket comes in an eye-catching two-tone design that is ideal for clubs and teams looking to refresh their look.<\/p>\n<p>- Stretchy and durable material made from 100 % recycled polyester<br \/>\n- Contrasting colour inserts<br \/>\n- Full-length zip at the front<br \/>\n- Two side pockets with zip<br \/>\n- Normal cut<\/p>\n<p>Material: 100 % recycled polyester<\/p>","protected":false},"excerpt":{"rendered":"<p>Die Evolve 2.0 Contrast Full Zip Jacket ist eine elastische und strapazierf\u00e4hige Midlayer-Jacke, die bei intensiven Trainingseinheiten f\u00fcr hervorragenden Feuchtigkeitstransport sorgt. Diese vielseitige Jacke besteht aus einem strukturierten Material aus 100 % recyceltem Polyester und verf\u00fcgt \u00fcber kontrastfarbene Eins\u00e4tze an den \u00c4rmeln und Seiten. Als perfekte Erg\u00e4nzung zur Evolve 2.0-Kollektion pr\u00e4sentiert sich die Jacke in [&hellip;]<\/p>\n","protected":false},"featured_media":703678,"template":"","meta":[],"product_brand":[],"product_cat":[4191],"product_tag":[],"class_list":{"0":"post-703639","1":"product","2":"type-product","3":"status-publish","4":"has-post-thumbnail","6":"product_cat-longsleeves-sweatshirts","7":"pa_brand-craft","8":"pa_brand-type-sportswear","9":"pa_filter-color-beige","10":"pa_filter-color-blau","11":"pa_filter-color-gruen","12":"pa_filter-color-rot","13":"pa_filter-color-schwarz","15":"first","16":"instock","17":"sale","18":"taxable","19":"shipping-taxable","20":"purchasable","21":"product-type-variable","22":"add-to-wishlist-before_image"},"exclude_global_add_ons":[],"addons":[],"acf":[],"_links":{"self":[{"href":"https:\/\/shop.kustom.ch\/en\/wp-json\/wp\/v2\/product\/703639"}],"collection":[{"href":"https:\/\/shop.kustom.ch\/en\/wp-json\/wp\/v2\/product"}],"about":[{"href":"https:\/\/shop.kustom.ch\/en\/wp-json\/wp\/v2\/types\/product"}],"wp:featuredmedia":[{"embeddable":true,"href":"https:\/\/shop.kustom.ch\/en\/wp-json\/wp\/v2\/media\/703678"}],"wp:attachment":[{"href":"https:\/\/shop.kustom.ch\/en\/wp-json\/wp\/v2\/media?parent=703639"}],"wp:term":[{"taxonomy":"product_brand","embeddable":true,"href":"https:\/\/shop.kustom.ch\/en\/wp-json\/wp\/v2\/product_brand?post=703639"},{"taxonomy":"product_cat","embeddable":true,"href":"https:\/\/shop.kustom.ch\/en\/wp-json\/wp\/v2\/product_cat?post=703639"},{"taxonomy":"product_tag","embeddable":true,"href":"https:\/\/shop.kustom.ch\/en\/wp-json\/wp\/v2\/product_tag?post=703639"}],"curies":[{"name":"wp","href":"https:\/\/api.w.org\/{rel}","templated":true}]}}