{"id":703410,"date":"2026-03-18T17:32:11","date_gmt":"2026-03-18T16:32:11","guid":{"rendered":"https:\/\/shop.kustom.ch\/?post_type=product&#038;p=703410"},"modified":"2026-03-27T13:39:44","modified_gmt":"2026-03-27T12:39:44","slug":"everyday-shorts-with-pad-m","status":"publish","type":"product","link":"https:\/\/shop.kustom.ch\/en\/product\/everyday-shorts-with-pad-m\/","title":{"rendered":"Everyday Shorts with Pad M"},"content":{"rendered":"<p>The Everyday Shorts with Pad are soft cycling shorts with a regular fit that are designed for a variety of rides - for example gravel, all-terrain and everyday cycling. They are also an excellent option for riders who prefer shorts to tights.<\/p>\n<p>The cycling shorts are made from a robust fabric with super ventilation and have a removable inner short with Infinity C4 pad. Two zipped front pockets provide secure storage for keys and other important items.<\/p>\n<p>- Highly functional material made from recycled polyamide and elastane<br \/>\n- Removable bike inserts<br \/>\n- Two side pockets with zip<br \/>\n- Reflective prints and elements<br \/>\n- Infinity C4 Pad Men<br \/>\n- Normal cut<\/p>","protected":false},"excerpt":{"rendered":"<p>Die Everyday Shorts mit Pad sind weiche Radhosen mit normaler Passform, die f\u00fcr verschiedene Fahrten gedacht sind \u2013 zum Beispiel f\u00fcr Gravel, All-Terrain und den t\u00e4glichen Radverkehr. Sie sind auch eine ausgezeichnete Option f\u00fcr Fahrer, die Shorts gegen\u00fcber Tights bevorzugen. Die Radhose ist aus einem robusten Stoff mit super Bel\u00fcftung und hat eine herausnehmbare Innenhose [&hellip;]<\/p>\n","protected":false},"featured_media":703432,"template":"","meta":[],"product_brand":[],"product_cat":[4198],"product_tag":[],"class_list":{"0":"post-703410","1":"product","2":"type-product","3":"status-publish","4":"has-post-thumbnail","6":"product_cat-shorts","7":"pa_brand-craft","8":"pa_brand-type-sportswear","9":"pa_filter-color-gruen","10":"pa_filter-color-schwarz","12":"first","13":"instock","14":"sale","15":"taxable","16":"shipping-taxable","17":"purchasable","18":"product-type-variable","19":"add-to-wishlist-before_image"},"exclude_global_add_ons":[],"addons":[],"acf":[],"_links":{"self":[{"href":"https:\/\/shop.kustom.ch\/en\/wp-json\/wp\/v2\/product\/703410"}],"collection":[{"href":"https:\/\/shop.kustom.ch\/en\/wp-json\/wp\/v2\/product"}],"about":[{"href":"https:\/\/shop.kustom.ch\/en\/wp-json\/wp\/v2\/types\/product"}],"wp:featuredmedia":[{"embeddable":true,"href":"https:\/\/shop.kustom.ch\/en\/wp-json\/wp\/v2\/media\/703432"}],"wp:attachment":[{"href":"https:\/\/shop.kustom.ch\/en\/wp-json\/wp\/v2\/media?parent=703410"}],"wp:term":[{"taxonomy":"product_brand","embeddable":true,"href":"https:\/\/shop.kustom.ch\/en\/wp-json\/wp\/v2\/product_brand?post=703410"},{"taxonomy":"product_cat","embeddable":true,"href":"https:\/\/shop.kustom.ch\/en\/wp-json\/wp\/v2\/product_cat?post=703410"},{"taxonomy":"product_tag","embeddable":true,"href":"https:\/\/shop.kustom.ch\/en\/wp-json\/wp\/v2\/product_tag?post=703410"}],"curies":[{"name":"wp","href":"https:\/\/api.w.org\/{rel}","templated":true}]}}