{"id":703364,"date":"2026-03-18T17:31:35","date_gmt":"2026-03-18T16:31:35","guid":{"rendered":"https:\/\/shop.kustom.ch\/?post_type=product&#038;p=703364"},"modified":"2026-03-27T13:39:23","modified_gmt":"2026-03-27T12:39:23","slug":"hypervent-skirt-w","status":"publish","type":"product","link":"https:\/\/shop.kustom.ch\/en\/product\/hypervent-skirt-w\/","title":{"rendered":"Hypervent Skirt W"},"content":{"rendered":"<p>Hypervent Skirt is a high-performance running skirt for intensive training on hot summer days.  <\/p>\n<p>This advanced running skirt is made from a lightweight, woven and perforated stretch fabric and offers exceptional ventilation during intense running in warm conditions. Soft, elasticated inner tights keep the skirt in place, while an elasticated waistband with adjustable drawcord ensures a perfect fit. Plenty of pockets provide secure and convenient storage for keys, gels, phone and other essentials.<\/p>\n<p>- Woven, perforated fabric made from recycled polyester and elastane<br \/>\n- All-over perforation for improved ventilation<br \/>\n- Inner short tights made from soft jersey<br \/>\n- Elasticated waistband with adjustable drawstring<br \/>\n- Large back pocket with concealed zip<br \/>\n- Mobile phone pocket on both legs (inner tights)<br \/>\n- Two small inside pockets at the back<br \/>\n- Short slit at the sides<br \/>\n- Normal cut<\/p>","protected":false},"excerpt":{"rendered":"<p>Hypervent Skirt ist ein leistungsstarker Laufrock f\u00fcr intensives Training an heissen Sommertagen. Dieser fortschrittliche Laufrock ist aus einem leichten, gewebten und perforierten Stretchmaterial gefertigt und bietet aussergew\u00f6hnliche Bel\u00fcftung bei intensivem Laufen bei warmen Bedingungen. Weiche, elastische Innen-Tights halten den Rock an Ort und Stelle, w\u00e4hrend ein elastischer Bund mit verstellbarem Kordelzug f\u00fcr eine perfekte Passform [&hellip;]<\/p>\n","protected":false},"featured_media":703397,"template":"","meta":[],"product_brand":[],"product_cat":[4194],"product_tag":[],"class_list":{"0":"post-703364","1":"product","2":"type-product","3":"status-publish","4":"has-post-thumbnail","6":"product_cat-roecke","7":"pa_brand-craft","8":"pa_brand-type-sportswear","9":"pa_filter-color-blau","10":"pa_filter-color-schwarz","12":"first","13":"instock","14":"sale","15":"taxable","16":"shipping-taxable","17":"purchasable","18":"product-type-variable","19":"add-to-wishlist-before_image"},"exclude_global_add_ons":[],"addons":[],"acf":[],"_links":{"self":[{"href":"https:\/\/shop.kustom.ch\/en\/wp-json\/wp\/v2\/product\/703364"}],"collection":[{"href":"https:\/\/shop.kustom.ch\/en\/wp-json\/wp\/v2\/product"}],"about":[{"href":"https:\/\/shop.kustom.ch\/en\/wp-json\/wp\/v2\/types\/product"}],"wp:featuredmedia":[{"embeddable":true,"href":"https:\/\/shop.kustom.ch\/en\/wp-json\/wp\/v2\/media\/703397"}],"wp:attachment":[{"href":"https:\/\/shop.kustom.ch\/en\/wp-json\/wp\/v2\/media?parent=703364"}],"wp:term":[{"taxonomy":"product_brand","embeddable":true,"href":"https:\/\/shop.kustom.ch\/en\/wp-json\/wp\/v2\/product_brand?post=703364"},{"taxonomy":"product_cat","embeddable":true,"href":"https:\/\/shop.kustom.ch\/en\/wp-json\/wp\/v2\/product_cat?post=703364"},{"taxonomy":"product_tag","embeddable":true,"href":"https:\/\/shop.kustom.ch\/en\/wp-json\/wp\/v2\/product_tag?post=703364"}],"curies":[{"name":"wp","href":"https:\/\/api.w.org\/{rel}","templated":true}]}}