{"id":703327,"date":"2026-03-18T17:30:39","date_gmt":"2026-03-18T16:30:39","guid":{"rendered":"https:\/\/shop.kustom.ch\/?post_type=product&#038;p=703327"},"modified":"2026-03-27T13:37:56","modified_gmt":"2026-03-27T12:37:56","slug":"race-day-split-shorts-2-w","status":"publish","type":"product","link":"https:\/\/shop.kustom.ch\/en\/product\/race-day-split-shorts-2-w\/","title":{"rendered":"Race Day Split Shorts 2 W"},"content":{"rendered":"<p>The Race Day Split Shorts 2 are high-performance running shorts that help demanding elite athletes to push their limits in long-distance running.<\/p>\n<p>These pro shorts are designed to conquer the world's most prestigious marathons. They are made from a highly functional jersey fabric with strategically placed perforations that provide exceptional moisture wicking and improved ventilation during intense running. Lightweight, elasticated inner briefs for excellent airflow, while high-cut side slits increase freedom of movement.<\/p>\n<p>- Thin, very lightweight jersey fabric made from recycled polyester and elastane<br \/>\n- Perforated elements<br \/>\n- Thin, elasticated inner briefs made from recycled polyester mesh<br \/>\n- High split side seam for greater freedom of movement<br \/>\n- Glued hem on the legs to prevent chafing<br \/>\n- Elasticated waistband with adjustable drawstring<br \/>\n- Inner mesh pocket at the back<br \/>\n- Large leg pocket on the inner briefs<br \/>\n- Normal cut<\/p>","protected":false},"excerpt":{"rendered":"<p>Die Race Day Split Shorts 2 sind High-Performance-Laufshorts, die anspruchsvollen Eliteathleten helfen, beim Langstreckenlauf ihre Grenzen zu pushen. Diese Profi-Shorts wurden entwickelt, um die prestigetr\u00e4chtigsten Marathons der Welt zu erobern. Sie bestehen aus einem hochfunktionellen Jersey-Material mit strategisch platzierten Perforationen, die einen aussergew\u00f6hnlichen Feuchtigkeitstransport und verbesserte Bel\u00fcftung bei intensivem Laufen bieten. Leichter, elastischer Innenslip f\u00fcr [&hellip;]<\/p>\n","protected":false},"featured_media":703343,"template":"","meta":[],"product_brand":[],"product_cat":[4198],"product_tag":[],"class_list":{"0":"post-703327","1":"product","2":"type-product","3":"status-publish","4":"has-post-thumbnail","6":"product_cat-shorts","7":"pa_brand-craft","8":"pa_brand-type-sportswear","9":"pa_filter-color-pink","10":"pa_filter-color-schwarz","12":"first","13":"instock","14":"sale","15":"taxable","16":"shipping-taxable","17":"purchasable","18":"product-type-variable","19":"add-to-wishlist-before_image"},"exclude_global_add_ons":[],"addons":[],"acf":[],"_links":{"self":[{"href":"https:\/\/shop.kustom.ch\/en\/wp-json\/wp\/v2\/product\/703327"}],"collection":[{"href":"https:\/\/shop.kustom.ch\/en\/wp-json\/wp\/v2\/product"}],"about":[{"href":"https:\/\/shop.kustom.ch\/en\/wp-json\/wp\/v2\/types\/product"}],"wp:featuredmedia":[{"embeddable":true,"href":"https:\/\/shop.kustom.ch\/en\/wp-json\/wp\/v2\/media\/703343"}],"wp:attachment":[{"href":"https:\/\/shop.kustom.ch\/en\/wp-json\/wp\/v2\/media?parent=703327"}],"wp:term":[{"taxonomy":"product_brand","embeddable":true,"href":"https:\/\/shop.kustom.ch\/en\/wp-json\/wp\/v2\/product_brand?post=703327"},{"taxonomy":"product_cat","embeddable":true,"href":"https:\/\/shop.kustom.ch\/en\/wp-json\/wp\/v2\/product_cat?post=703327"},{"taxonomy":"product_tag","embeddable":true,"href":"https:\/\/shop.kustom.ch\/en\/wp-json\/wp\/v2\/product_tag?post=703327"}],"curies":[{"name":"wp","href":"https:\/\/api.w.org\/{rel}","templated":true}]}}