{"id":703274,"date":"2026-03-18T17:29:30","date_gmt":"2026-03-18T16:29:30","guid":{"rendered":"https:\/\/shop.kustom.ch\/?post_type=product&#038;p=703274"},"modified":"2026-03-27T13:36:37","modified_gmt":"2026-03-27T12:36:37","slug":"race-day-singlet-2-m","status":"publish","type":"product","link":"https:\/\/shop.kustom.ch\/en\/product\/race-day-singlet-2-m\/","title":{"rendered":"Race Day Singlet 2 M"},"content":{"rendered":"<p>Race Day Singlet 2 is a high-performance running singlet that enables demanding elite athletes to push their limits at the highest level of long-distance running.<\/p>\n<p>Designed to conquer the world's most prestigious marathons, this highly functional jersey with strategically placed perforations offers exceptional moisture wicking and enhanced ventilation during intense running. Designed for peak performance, the singlet has stitched hems at the neck and armholes to minimise chafing so you can focus on your pace and form.<\/p>\n<p>- Thin, very lightweight jersey fabric made from recycled polyester and elastane<br \/>\n- Perforations along the arm openings<br \/>\n- Perforated logo on the entire back<br \/>\n- Racer back design<br \/>\n- Glued seams at the neck and armholes minimise chafing<br \/>\n- Quilted hem on the underside<br \/>\n- Side slits<br \/>\n- Normal cut<\/p>","protected":false},"excerpt":{"rendered":"<p>Race Day Singlet 2 ist ein Hight-Performance-Lauf-Singlet, das anspruchsvollen Elitesportlern erm\u00f6glicht, ihre Grenzen auf h\u00f6chstem Niveau des Langstreckenlaufs auszureizen. Dieses hochfunktionelle Trikot mit strategisch platzierten Perforationen wurde entwickelt, um die prestigetr\u00e4chtigsten Marathons der Welt zu erobern und bietet einen aussergew\u00f6hnlichen Feuchtigkeitstransport und verbesserte Bel\u00fcftung bei intensivem Laufen. Das Singlet wurde f\u00fcr Spitzenleistungen entwickelt und hat [&hellip;]<\/p>\n","protected":false},"featured_media":703313,"template":"","meta":[],"product_brand":[],"product_cat":[4202],"product_tag":[],"class_list":{"0":"post-703274","1":"product","2":"type-product","3":"status-publish","4":"has-post-thumbnail","6":"product_cat-tank-tops","7":"pa_brand-craft","8":"pa_brand-type-sportswear","9":"pa_filter-color-schwarz","10":"pa_filter-color-weiss","12":"first","13":"instock","14":"sale","15":"taxable","16":"shipping-taxable","17":"purchasable","18":"product-type-variable","19":"add-to-wishlist-before_image"},"exclude_global_add_ons":[],"addons":[],"acf":[],"_links":{"self":[{"href":"https:\/\/shop.kustom.ch\/en\/wp-json\/wp\/v2\/product\/703274"}],"collection":[{"href":"https:\/\/shop.kustom.ch\/en\/wp-json\/wp\/v2\/product"}],"about":[{"href":"https:\/\/shop.kustom.ch\/en\/wp-json\/wp\/v2\/types\/product"}],"wp:featuredmedia":[{"embeddable":true,"href":"https:\/\/shop.kustom.ch\/en\/wp-json\/wp\/v2\/media\/703313"}],"wp:attachment":[{"href":"https:\/\/shop.kustom.ch\/en\/wp-json\/wp\/v2\/media?parent=703274"}],"wp:term":[{"taxonomy":"product_brand","embeddable":true,"href":"https:\/\/shop.kustom.ch\/en\/wp-json\/wp\/v2\/product_brand?post=703274"},{"taxonomy":"product_cat","embeddable":true,"href":"https:\/\/shop.kustom.ch\/en\/wp-json\/wp\/v2\/product_cat?post=703274"},{"taxonomy":"product_tag","embeddable":true,"href":"https:\/\/shop.kustom.ch\/en\/wp-json\/wp\/v2\/product_tag?post=703274"}],"curies":[{"name":"wp","href":"https:\/\/api.w.org\/{rel}","templated":true}]}}