{"id":703141,"date":"2026-03-18T17:27:05","date_gmt":"2026-03-18T16:27:05","guid":{"rendered":"https:\/\/shop.kustom.ch\/?post_type=product&#038;p=703141"},"modified":"2026-03-27T13:34:45","modified_gmt":"2026-03-27T12:34:45","slug":"everyday-hz-ss-jersey-m","status":"publish","type":"product","link":"https:\/\/shop.kustom.ch\/en\/product\/everyday-hz-ss-jersey-m\/","title":{"rendered":"Everyday HZ SS Jersey M"},"content":{"rendered":"<p>The Everyday HZ SS Jersey is a soft, stretchy and functional jersey with a half zip that is made for all MTB and gravel bike fans. <\/p>\n<p>The jersey made from recycled polyester offers excellent moisture transport and good body temperature management. A short front zip provides additional ventilation, while an attached zipped side pocket offers secure storage for keys, energy bars and other essentials.<\/p>\n<p>- Stretchy and practical material made from recycled polyester<br \/>\n- Short front zip<br \/>\n- Side pocket with zip<br \/>\n- Elasticated back hem keeps the jersey in place<br \/>\n- Normal cut<\/p>","protected":false},"excerpt":{"rendered":"<p>Das Everyday HZ SS Jersey ist ein weiches, dehnbares und funktionales Jersey mit halbem Reissverschluss, das f\u00fcr alle MTB- und Gravel-Bike-Fans gemacht ist. Das Trikot aus recyceltem Polyester bietet einen hervorragenden Feuchtigkeitstransport und ein gutes K\u00f6rpertemperaturmanagement. Ein kurzer Frontreissverschluss sorgt f\u00fcr zus\u00e4tzliche Bel\u00fcftung, w\u00e4hrend eine aufgesetzte Reissverschluss-Seitentasche eine sichere Aufbewahrung von Schl\u00fcsseln, Energieriegeln und anderen [&hellip;]<\/p>\n","protected":false},"featured_media":703190,"template":"","meta":[],"product_brand":[],"product_cat":[4201],"product_tag":[],"class_list":{"0":"post-703141","1":"product","2":"type-product","3":"status-publish","4":"has-post-thumbnail","6":"product_cat-t-shirts","7":"pa_brand-craft","8":"pa_brand-type-sportswear","9":"pa_filter-color-blau","10":"pa_filter-color-orange","11":"pa_filter-color-weiss","13":"first","14":"instock","15":"sale","16":"taxable","17":"shipping-taxable","18":"purchasable","19":"product-type-variable","20":"add-to-wishlist-before_image"},"exclude_global_add_ons":[],"addons":[],"acf":[],"_links":{"self":[{"href":"https:\/\/shop.kustom.ch\/en\/wp-json\/wp\/v2\/product\/703141"}],"collection":[{"href":"https:\/\/shop.kustom.ch\/en\/wp-json\/wp\/v2\/product"}],"about":[{"href":"https:\/\/shop.kustom.ch\/en\/wp-json\/wp\/v2\/types\/product"}],"wp:featuredmedia":[{"embeddable":true,"href":"https:\/\/shop.kustom.ch\/en\/wp-json\/wp\/v2\/media\/703190"}],"wp:attachment":[{"href":"https:\/\/shop.kustom.ch\/en\/wp-json\/wp\/v2\/media?parent=703141"}],"wp:term":[{"taxonomy":"product_brand","embeddable":true,"href":"https:\/\/shop.kustom.ch\/en\/wp-json\/wp\/v2\/product_brand?post=703141"},{"taxonomy":"product_cat","embeddable":true,"href":"https:\/\/shop.kustom.ch\/en\/wp-json\/wp\/v2\/product_cat?post=703141"},{"taxonomy":"product_tag","embeddable":true,"href":"https:\/\/shop.kustom.ch\/en\/wp-json\/wp\/v2\/product_tag?post=703141"}],"curies":[{"name":"wp","href":"https:\/\/api.w.org\/{rel}","templated":true}]}}