{"id":703139,"date":"2026-03-18T17:27:05","date_gmt":"2026-03-18T16:27:05","guid":{"rendered":"https:\/\/shop.kustom.ch\/?post_type=product&#038;p=703139"},"modified":"2026-04-24T07:59:40","modified_gmt":"2026-04-24T06:59:40","slug":"hypervent-short-tights-w","status":"publish","type":"product","link":"https:\/\/shop.kustom.ch\/en\/product\/hypervent-short-tights-w\/","title":{"rendered":"Hypervent Short Tights W"},"content":{"rendered":"<p>Hypervent Short Tights are professional running tights designed for running at the highest level. <\/p>\n<p>These high-performance short tights are made from recycled polyester jersey that offers super ventilation and moisture transport. In addition, the tights have a wide, bonded waistband with an adjustable drawstring, three perforated back pockets and a zipped leg pocket in which you can stow everything you need for long runs.<\/p>\n<p>- Thin, breathable jersey fabric made from recycled polyester and elastane<br \/>\n- Wide, elasticated waistband with adjustable drawstring<br \/>\n- Three perforated back pockets<br \/>\n- Leg pocket with zip<br \/>\n- Silicone at the leg ends keeps the tights in place<\/p>","protected":false},"excerpt":{"rendered":"<p>Hypervent Short Tights sind Profi-Lauf-Tights, die f\u00fcr das Laufen auf h\u00f6chstem Niveau entwickelt wurden. Diese leistungsstarken kurzen Tights sind aus recyceltem Polyester-Jersey gemacht, das super Bel\u00fcftung und Feuchtigkeitstransport bietet. Dar\u00fcber hinaus haben die Tights einen breiten, gebondeten Bund mit verstellbarem Kordelzug, drei perforierte Ges\u00e4sstaschen und eine Beintasche mit Reissverschluss, in der du alles N\u00f6tige f\u00fcr [&hellip;]<\/p>\n","protected":false},"featured_media":703167,"template":"","meta":[],"product_brand":[],"product_cat":[4190],"product_tag":[],"class_list":{"0":"post-703139","1":"product","2":"type-product","3":"status-publish","4":"has-post-thumbnail","6":"product_cat-leggings","7":"pa_brand-craft","8":"pa_brand-type-sportswear","9":"pa_filter-color-blau","10":"pa_filter-color-schwarz","12":"first","13":"instock","14":"sale","15":"taxable","16":"shipping-taxable","17":"purchasable","18":"product-type-variable","19":"add-to-wishlist-before_image"},"exclude_global_add_ons":[],"addons":[],"acf":[],"_links":{"self":[{"href":"https:\/\/shop.kustom.ch\/en\/wp-json\/wp\/v2\/product\/703139"}],"collection":[{"href":"https:\/\/shop.kustom.ch\/en\/wp-json\/wp\/v2\/product"}],"about":[{"href":"https:\/\/shop.kustom.ch\/en\/wp-json\/wp\/v2\/types\/product"}],"wp:featuredmedia":[{"embeddable":true,"href":"https:\/\/shop.kustom.ch\/en\/wp-json\/wp\/v2\/media\/703167"}],"wp:attachment":[{"href":"https:\/\/shop.kustom.ch\/en\/wp-json\/wp\/v2\/media?parent=703139"}],"wp:term":[{"taxonomy":"product_brand","embeddable":true,"href":"https:\/\/shop.kustom.ch\/en\/wp-json\/wp\/v2\/product_brand?post=703139"},{"taxonomy":"product_cat","embeddable":true,"href":"https:\/\/shop.kustom.ch\/en\/wp-json\/wp\/v2\/product_cat?post=703139"},{"taxonomy":"product_tag","embeddable":true,"href":"https:\/\/shop.kustom.ch\/en\/wp-json\/wp\/v2\/product_tag?post=703139"}],"curies":[{"name":"wp","href":"https:\/\/api.w.org\/{rel}","templated":true}]}}