{"id":703102,"date":"2026-03-18T17:26:00","date_gmt":"2026-03-18T16:26:00","guid":{"rendered":"https:\/\/shop.kustom.ch\/?post_type=product&#038;p=703102"},"modified":"2026-03-27T13:34:19","modified_gmt":"2026-03-27T12:34:19","slug":"essence-knickers-3-m","status":"publish","type":"product","link":"https:\/\/shop.kustom.ch\/en\/product\/essence-knickers-3-m\/","title":{"rendered":"Essence Knickers 3 M"},"content":{"rendered":"<p>The ADV Essence Knickers 3 are highly functional, knee-length training trousers designed for a variety of workouts, from intense running and strength training to mindful yoga exercises.<\/p>\n<p>These versatile trousers are made from a functional jersey material made from recycled polyamide and elastane, which offers excellent body temperature regulation, high elasticity and efficient recovery. In addition, the trousers have an elasticated waistband with an adjustable drawstring for an optimal fit. Two large outer pockets on the legs offer practical storage space for your smartphone, energy bars and other essentials.<\/p>\n<p>- Elasticated material made from recycled polyamide and elastane<br \/>\n- Elasticated waistband with drawstring<br \/>\n- Two large leg pockets<\/p>","protected":false},"excerpt":{"rendered":"<p>Die ADV Essence Knickers 3 sind hochfunktionelle, knielange Trainingshosen, die f\u00fcr eine Vielzahl von Workouts entwickelt wurden, von intensivem Laufen und Krafttraining bis hin zu achtsamen Yoga\u00fcbungen. Diese vielseitigen Hosen bestehen aus einem funktionellen Jersey-Material aus recyceltem Polyamid und Elasthan, das eine hervorragende Regulierung der K\u00f6rpertemperatur, hohe Elastizit\u00e4t und effizienten R\u00fcckzug bietet. Dar\u00fcber hinaus verf\u00fcgen [&hellip;]<\/p>\n","protected":false},"featured_media":703138,"template":"","meta":[],"product_brand":[],"product_cat":[4190],"product_tag":[],"class_list":{"0":"post-703102","1":"product","2":"type-product","3":"status-publish","4":"has-post-thumbnail","6":"product_cat-leggings","7":"pa_brand-craft","8":"pa_brand-type-sportswear","9":"pa_filter-color-schwarz","11":"first","12":"instock","13":"sale","14":"taxable","15":"shipping-taxable","16":"purchasable","17":"product-type-variable","18":"add-to-wishlist-before_image"},"exclude_global_add_ons":[],"addons":[],"acf":[],"_links":{"self":[{"href":"https:\/\/shop.kustom.ch\/en\/wp-json\/wp\/v2\/product\/703102"}],"collection":[{"href":"https:\/\/shop.kustom.ch\/en\/wp-json\/wp\/v2\/product"}],"about":[{"href":"https:\/\/shop.kustom.ch\/en\/wp-json\/wp\/v2\/types\/product"}],"wp:featuredmedia":[{"embeddable":true,"href":"https:\/\/shop.kustom.ch\/en\/wp-json\/wp\/v2\/media\/703138"}],"wp:attachment":[{"href":"https:\/\/shop.kustom.ch\/en\/wp-json\/wp\/v2\/media?parent=703102"}],"wp:term":[{"taxonomy":"product_brand","embeddable":true,"href":"https:\/\/shop.kustom.ch\/en\/wp-json\/wp\/v2\/product_brand?post=703102"},{"taxonomy":"product_cat","embeddable":true,"href":"https:\/\/shop.kustom.ch\/en\/wp-json\/wp\/v2\/product_cat?post=703102"},{"taxonomy":"product_tag","embeddable":true,"href":"https:\/\/shop.kustom.ch\/en\/wp-json\/wp\/v2\/product_tag?post=703102"}],"curies":[{"name":"wp","href":"https:\/\/api.w.org\/{rel}","templated":true}]}}