{"id":702950,"date":"2026-03-18T17:24:13","date_gmt":"2026-03-18T16:24:13","guid":{"rendered":"https:\/\/shop.kustom.ch\/?post_type=product&#038;p=702950"},"modified":"2026-03-27T13:31:18","modified_gmt":"2026-03-27T12:31:18","slug":"hypervent-2-in-1-shorts-m","status":"publish","type":"product","link":"https:\/\/shop.kustom.ch\/en\/product\/hypervent-2-in-1-shorts-m\/","title":{"rendered":"Hypervent 2-in-1 Shorts M"},"content":{"rendered":"<p>Hypervent 2-in-1 shorts are high-performance training shorts that are suitable for a variety of intense physical activities.<\/p>\n<p>These technically advanced shorts are made from a stretchy, perforated jersey fabric and offer excellent ventilation and moisture transport. In addition, elasticated inner tights offer improved support and ventilation, while high-cut sides allow unrestricted movement. Two concealed zipped side pockets provide secure storage for keys, gels and energy bars.<\/p>\n<p>- Perforated stretch material made from recycled polyester and elastane<br \/>\n- Thin, elasticated inner trousers<br \/>\n- Elasticated waistband with adjustable drawstring<br \/>\n- High-cut pages<br \/>\n- Two concealed side pockets with zip fastener<br \/>\n- Two inside back pockets<br \/>\n- Inner seam 23 cm in size M (inner tights)<br \/>\n- Normal cut<\/p>","protected":false},"excerpt":{"rendered":"<p>Hypervent 2-in-1-Shorts sind leistungsstarke Trainingsshorts, die f\u00fcr eine Vielzahl intensiver k\u00f6rperlicher Aktivit\u00e4ten geeignet sind. Diese technisch fortschrittliche Shorts besteht aus einem elastischen, perforierten Jersey-Gewebe und bietet hervorragende Bel\u00fcftung und Feuchtigkeitstransport. Dar\u00fcber hinaus bieten elastische Innenstrumpfhosen verbesserten Halt und Bel\u00fcftung, w\u00e4hrend hoch geschnittene Seiten uneingeschr\u00e4nkte Bewegung erm\u00f6glichen. Zwei verdeckte Reissverschluss-Seitentaschen bieten sicheren Stauraum f\u00fcr Schl\u00fcssel, Gels [&hellip;]<\/p>\n","protected":false},"featured_media":703007,"template":"","meta":[],"product_brand":[],"product_cat":[4198],"product_tag":[],"class_list":{"0":"post-702950","1":"product","2":"type-product","3":"status-publish","4":"has-post-thumbnail","6":"product_cat-shorts","7":"pa_brand-craft","8":"pa_brand-type-sportswear","9":"pa_filter-color-beige","10":"pa_filter-color-grau","11":"pa_filter-color-schwarz","13":"first","14":"instock","15":"sale","16":"taxable","17":"shipping-taxable","18":"purchasable","19":"product-type-variable","20":"add-to-wishlist-before_image"},"exclude_global_add_ons":[],"addons":[],"acf":[],"_links":{"self":[{"href":"https:\/\/shop.kustom.ch\/en\/wp-json\/wp\/v2\/product\/702950"}],"collection":[{"href":"https:\/\/shop.kustom.ch\/en\/wp-json\/wp\/v2\/product"}],"about":[{"href":"https:\/\/shop.kustom.ch\/en\/wp-json\/wp\/v2\/types\/product"}],"wp:featuredmedia":[{"embeddable":true,"href":"https:\/\/shop.kustom.ch\/en\/wp-json\/wp\/v2\/media\/703007"}],"wp:attachment":[{"href":"https:\/\/shop.kustom.ch\/en\/wp-json\/wp\/v2\/media?parent=702950"}],"wp:term":[{"taxonomy":"product_brand","embeddable":true,"href":"https:\/\/shop.kustom.ch\/en\/wp-json\/wp\/v2\/product_brand?post=702950"},{"taxonomy":"product_cat","embeddable":true,"href":"https:\/\/shop.kustom.ch\/en\/wp-json\/wp\/v2\/product_cat?post=702950"},{"taxonomy":"product_tag","embeddable":true,"href":"https:\/\/shop.kustom.ch\/en\/wp-json\/wp\/v2\/product_tag?post=702950"}],"curies":[{"name":"wp","href":"https:\/\/api.w.org\/{rel}","templated":true}]}}