{"id":702867,"date":"2026-03-18T17:23:08","date_gmt":"2026-03-18T16:23:08","guid":{"rendered":"https:\/\/shop.kustom.ch\/?post_type=product&#038;p=702867"},"modified":"2026-03-27T13:29:30","modified_gmt":"2026-03-27T12:29:30","slug":"hypervent-cropped-pocket-singlet-w","status":"publish","type":"product","link":"https:\/\/shop.kustom.ch\/en\/product\/hypervent-cropped-pocket-singlet-w\/","title":{"rendered":"Hypervent Cropped Pocket Singlet W"},"content":{"rendered":"<p>Hypervent Cropped Pocket Singlet is a highly functional running singlet with a short, tight fit designed for long distance running in hot conditions.<\/p>\n<p>This high-performance singlet features a soft jersey material made from recycled polyamide and elastane that offers exceptional moisture transport and excellent freedom of movement. Four perforated stretch pockets on the lower back provide secure storage space for gels and bars, while taped seams minimise chafing.<\/p>\n<p>- Jersey fabric with 4-way stretch made from recycled polyamide and elastane<br \/>\n- Welded seams<br \/>\n- Four perforated pockets on the lower back<br \/>\n- Reflective logo<br \/>\n- Tight, short fit<\/p>","protected":false},"excerpt":{"rendered":"<p>Hypervent Cropped Pocket Singlet ist ein hochfunktionelles Lauf-Singlet mit einer kurzen, engen Passform, das f\u00fcr Langstreckenl\u00e4ufe unter heissen Bedingungen entwickelt wurde. Dieses Hochleistungs-Singulett verf\u00fcgt \u00fcber ein weiches Jersey-Material aus recyceltem Polyamid und Elasthan, das einen aussergew\u00f6hnlichen Feuchtigkeitstransport und hervorragende Bewegungsfreiheit bietet. Vier perforierte Stretchtaschen am unteren R\u00fccken bieten sicheren Stauraum f\u00fcr Gels und Riegel, w\u00e4hrend [&hellip;]<\/p>\n","protected":false},"featured_media":702906,"template":"","meta":[],"product_brand":[],"product_cat":[4202],"product_tag":[],"class_list":{"0":"post-702867","1":"product","2":"type-product","3":"status-publish","4":"has-post-thumbnail","6":"product_cat-tank-tops","7":"pa_brand-craft","8":"pa_brand-type-sportswear","9":"pa_filter-color-blau","10":"pa_filter-color-schwarz","12":"first","13":"instock","14":"sale","15":"taxable","16":"shipping-taxable","17":"purchasable","18":"product-type-variable","19":"add-to-wishlist-before_image"},"exclude_global_add_ons":[],"addons":[],"acf":[],"_links":{"self":[{"href":"https:\/\/shop.kustom.ch\/en\/wp-json\/wp\/v2\/product\/702867"}],"collection":[{"href":"https:\/\/shop.kustom.ch\/en\/wp-json\/wp\/v2\/product"}],"about":[{"href":"https:\/\/shop.kustom.ch\/en\/wp-json\/wp\/v2\/types\/product"}],"wp:featuredmedia":[{"embeddable":true,"href":"https:\/\/shop.kustom.ch\/en\/wp-json\/wp\/v2\/media\/702906"}],"wp:attachment":[{"href":"https:\/\/shop.kustom.ch\/en\/wp-json\/wp\/v2\/media?parent=702867"}],"wp:term":[{"taxonomy":"product_brand","embeddable":true,"href":"https:\/\/shop.kustom.ch\/en\/wp-json\/wp\/v2\/product_brand?post=702867"},{"taxonomy":"product_cat","embeddable":true,"href":"https:\/\/shop.kustom.ch\/en\/wp-json\/wp\/v2\/product_cat?post=702867"},{"taxonomy":"product_tag","embeddable":true,"href":"https:\/\/shop.kustom.ch\/en\/wp-json\/wp\/v2\/product_tag?post=702867"}],"curies":[{"name":"wp","href":"https:\/\/api.w.org\/{rel}","templated":true}]}}