{"id":702820,"date":"2026-03-18T17:22:32","date_gmt":"2026-03-18T16:22:32","guid":{"rendered":"https:\/\/shop.kustom.ch\/?post_type=product&#038;p=702820"},"modified":"2026-03-27T13:28:14","modified_gmt":"2026-03-27T12:28:14","slug":"urban-fleece-jacket-w","status":"publish","type":"product","link":"https:\/\/shop.kustom.ch\/en\/product\/urban-fleece-jacket-w\/","title":{"rendered":"Urban Fleece Jacket W"},"content":{"rendered":"<p>The Urban Fleece Jacket is a warm, robust garment inspired by workwear that can be seamlessly converted from the workplace to a casual everyday outfit.<\/p>\n<p>This versatile jacket made from heavyweight fleece material is reinforced with durable polyamide inserts on the front and back and can withstand demanding conditions without sacrificing comfort. Designed for functionality, it has two zipped front pockets and a chest pocket with flap fastening for easy access to essential items. In addition, its slim silhouette and clear design make it perfect for displaying club, sponsor or company logos.<\/p>\n<p>- Heavyweight fleece material made from recycled polyester\/polyamide and elastane<br \/>\n- Soft inside<br \/>\n- Two zip pockets for the hands<br \/>\n- Chest pocket with flap fastening<br \/>\n- Normal cut<\/p>","protected":false},"excerpt":{"rendered":"<p>Die Urban Fleece Jacket ist ein warmes, robustes und von Arbeitskleidung inspiriertes Kleidungsst\u00fcck, das sich nahtlos vom Arbeitsplatz zum l\u00e4ssigen Alltagstauglichen Outfit umfunktionieren l\u00e4sst. Diese vielseitige Jacke aus schwerem Fleece-Material ist mit strapazierf\u00e4higen Polyamid-Eins\u00e4tzen an der Vorder- und R\u00fcckseite verst\u00e4rkt und h\u00e4lt auch anspruchsvollen Bedingungen stand, ohne dabei an Komfort einzub\u00fcssen. Sie ist auf Funktionalit\u00e4t [&hellip;]<\/p>\n","protected":false},"featured_media":702865,"template":"","meta":[],"product_brand":[],"product_cat":[4184],"product_tag":[],"class_list":{"0":"post-702820","1":"product","2":"type-product","3":"status-publish","4":"has-post-thumbnail","6":"product_cat-hoodies-pullover","7":"pa_brand-craft","8":"pa_brand-type-sportswear","9":"pa_filter-color-beige","10":"pa_filter-color-blau","11":"pa_filter-color-gruen","12":"pa_filter-color-schwarz","14":"first","15":"instock","16":"sale","17":"taxable","18":"shipping-taxable","19":"purchasable","20":"product-type-variable","21":"add-to-wishlist-before_image"},"exclude_global_add_ons":[],"addons":[],"acf":[],"_links":{"self":[{"href":"https:\/\/shop.kustom.ch\/en\/wp-json\/wp\/v2\/product\/702820"}],"collection":[{"href":"https:\/\/shop.kustom.ch\/en\/wp-json\/wp\/v2\/product"}],"about":[{"href":"https:\/\/shop.kustom.ch\/en\/wp-json\/wp\/v2\/types\/product"}],"wp:featuredmedia":[{"embeddable":true,"href":"https:\/\/shop.kustom.ch\/en\/wp-json\/wp\/v2\/media\/702865"}],"wp:attachment":[{"href":"https:\/\/shop.kustom.ch\/en\/wp-json\/wp\/v2\/media?parent=702820"}],"wp:term":[{"taxonomy":"product_brand","embeddable":true,"href":"https:\/\/shop.kustom.ch\/en\/wp-json\/wp\/v2\/product_brand?post=702820"},{"taxonomy":"product_cat","embeddable":true,"href":"https:\/\/shop.kustom.ch\/en\/wp-json\/wp\/v2\/product_cat?post=702820"},{"taxonomy":"product_tag","embeddable":true,"href":"https:\/\/shop.kustom.ch\/en\/wp-json\/wp\/v2\/product_tag?post=702820"}],"curies":[{"name":"wp","href":"https:\/\/api.w.org\/{rel}","templated":true}]}}