{"id":702737,"date":"2026-03-18T17:21:21","date_gmt":"2026-03-18T16:21:21","guid":{"rendered":"https:\/\/shop.kustom.ch\/?post_type=product&#038;p=702737"},"modified":"2026-03-27T13:27:42","modified_gmt":"2026-03-27T12:27:42","slug":"essence-short-tights-3-m","status":"publish","type":"product","link":"https:\/\/shop.kustom.ch\/en\/product\/essence-short-tights-3-m\/","title":{"rendered":"Essence Short Tights 3 M"},"content":{"rendered":"<p>The ADV Essence Short Tights 3 are highly functional, short training tights designed for a variety of workouts, from intense running to gym classes and strength training.<\/p>\n<p>These versatile trousers are made from a functional jersey material made from recycled polyamide and elastane, which offers excellent body temperature regulation, high elasticity and efficient recovery. In addition, the trousers have an elasticated waistband with an adjustable drawstring for an optimal fit. Two large outer pockets on the legs offer practical storage space for your smartphone, energy bars and other essentials.<\/p>\n<p>- Elasticated material made from recycled polyamide and elastane<br \/>\n- Elasticated waistband with drawstring<br \/>\n- Two large leg pockets<\/p>","protected":false},"excerpt":{"rendered":"<p>Die ADV Essence Short Tights 3 sind hochfunktionelle, kurze Trainingshosen, die f\u00fcr eine Vielzahl von Workouts entwickelt wurden, von intensivem Laufen \u00fcber Fitnessstudio-Kurse bis hin zu Krafttraining. Diese vielseitigen Hosen bestehen aus einem funktionellen Jersey-Material aus recyceltem Polyamid und Elasthan, das eine hervorragende Regulierung der K\u00f6rpertemperatur, hohe Elastizit\u00e4t und effizienten R\u00fcckzug bietet. Dar\u00fcber hinaus verf\u00fcgen [&hellip;]<\/p>\n","protected":false},"featured_media":702798,"template":"","meta":[],"product_brand":[],"product_cat":[4198],"product_tag":[],"class_list":{"0":"post-702737","1":"product","2":"type-product","3":"status-publish","4":"has-post-thumbnail","6":"product_cat-shorts","7":"pa_brand-craft","8":"pa_brand-type-sportswear","9":"pa_filter-color-grau","10":"pa_filter-color-schwarz","12":"first","13":"instock","14":"sale","15":"taxable","16":"shipping-taxable","17":"purchasable","18":"product-type-variable","19":"add-to-wishlist-before_image"},"exclude_global_add_ons":[],"addons":[],"acf":[],"_links":{"self":[{"href":"https:\/\/shop.kustom.ch\/en\/wp-json\/wp\/v2\/product\/702737"}],"collection":[{"href":"https:\/\/shop.kustom.ch\/en\/wp-json\/wp\/v2\/product"}],"about":[{"href":"https:\/\/shop.kustom.ch\/en\/wp-json\/wp\/v2\/types\/product"}],"wp:featuredmedia":[{"embeddable":true,"href":"https:\/\/shop.kustom.ch\/en\/wp-json\/wp\/v2\/media\/702798"}],"wp:attachment":[{"href":"https:\/\/shop.kustom.ch\/en\/wp-json\/wp\/v2\/media?parent=702737"}],"wp:term":[{"taxonomy":"product_brand","embeddable":true,"href":"https:\/\/shop.kustom.ch\/en\/wp-json\/wp\/v2\/product_brand?post=702737"},{"taxonomy":"product_cat","embeddable":true,"href":"https:\/\/shop.kustom.ch\/en\/wp-json\/wp\/v2\/product_cat?post=702737"},{"taxonomy":"product_tag","embeddable":true,"href":"https:\/\/shop.kustom.ch\/en\/wp-json\/wp\/v2\/product_tag?post=702737"}],"curies":[{"name":"wp","href":"https:\/\/api.w.org\/{rel}","templated":true}]}}