{"id":702702,"date":"2026-03-18T17:20:45","date_gmt":"2026-03-18T16:20:45","guid":{"rendered":"https:\/\/shop.kustom.ch\/?post_type=product&#038;p=702702"},"modified":"2026-03-27T13:26:04","modified_gmt":"2026-03-27T12:26:04","slug":"endur-logo-jersey-m","status":"publish","type":"product","link":"https:\/\/shop.kustom.ch\/en\/product\/endur-logo-jersey-m\/","title":{"rendered":"Endur Logo Jersey M"},"content":{"rendered":"<p>Endur Logo Jersey is a soft, stretchy and functional cycling jersey for cycling enthusiasts of all kinds. <\/p>\n<p>The jersey is made from 100 % recycled polyester and ensures super moisture transport and high wearing comfort on your daily rides. It also features a full-length Vislon zip at the front, three back pockets and elasticated waist with gripper at the bottom hem for a secure fit.<\/p>\n<p>- Functional and elasticated material made from 100 % recycled polyester<br \/>\n- Full-length Vislon zip at the front<br \/>\n- Three back pockets<br \/>\n- Elasticated gripper with silicone on the inside of the bottom hem<br \/>\n- Logo on the chest<br \/>\n- Tight fit<\/p>","protected":false},"excerpt":{"rendered":"<p>Endur Logo Jersey ist ein weiches, dehnbares und funktionelles Fahrradtrikot f\u00fcr Radsportbegeisterte aller Art. Das Trikot ist aus 100 % recyceltem Polyester und sorgt f\u00fcr super Feuchtigkeitstransport und hohen Tragekomfort bei deinen t\u00e4glichen Ausfahrten. Es verf\u00fcgt auch \u00fcber einen durchgehenden Vislon-Reissverschluss vorne, drei Ges\u00e4sstaschen und Gummizug mit Greifer am unteren Saum f\u00fcr einen sicheren Sitz. [&hellip;]<\/p>\n","protected":false},"featured_media":702750,"template":"","meta":[],"product_brand":[],"product_cat":[4201],"product_tag":[],"class_list":{"0":"post-702702","1":"product","2":"type-product","3":"status-publish","4":"has-post-thumbnail","6":"product_cat-t-shirts","7":"pa_brand-craft","8":"pa_brand-type-sportswear","9":"pa_filter-color-beige","10":"pa_filter-color-blau","11":"pa_filter-color-gelb","12":"pa_filter-color-schwarz","14":"first","15":"instock","16":"sale","17":"taxable","18":"shipping-taxable","19":"purchasable","20":"product-type-variable","21":"add-to-wishlist-before_image"},"exclude_global_add_ons":[],"addons":[],"acf":[],"_links":{"self":[{"href":"https:\/\/shop.kustom.ch\/en\/wp-json\/wp\/v2\/product\/702702"}],"collection":[{"href":"https:\/\/shop.kustom.ch\/en\/wp-json\/wp\/v2\/product"}],"about":[{"href":"https:\/\/shop.kustom.ch\/en\/wp-json\/wp\/v2\/types\/product"}],"wp:featuredmedia":[{"embeddable":true,"href":"https:\/\/shop.kustom.ch\/en\/wp-json\/wp\/v2\/media\/702750"}],"wp:attachment":[{"href":"https:\/\/shop.kustom.ch\/en\/wp-json\/wp\/v2\/media?parent=702702"}],"wp:term":[{"taxonomy":"product_brand","embeddable":true,"href":"https:\/\/shop.kustom.ch\/en\/wp-json\/wp\/v2\/product_brand?post=702702"},{"taxonomy":"product_cat","embeddable":true,"href":"https:\/\/shop.kustom.ch\/en\/wp-json\/wp\/v2\/product_cat?post=702702"},{"taxonomy":"product_tag","embeddable":true,"href":"https:\/\/shop.kustom.ch\/en\/wp-json\/wp\/v2\/product_tag?post=702702"}],"curies":[{"name":"wp","href":"https:\/\/api.w.org\/{rel}","templated":true}]}}