{"id":702571,"date":"2026-03-18T17:18:41","date_gmt":"2026-03-18T16:18:41","guid":{"rendered":"https:\/\/shop.kustom.ch\/?post_type=product&#038;p=702571"},"modified":"2026-04-09T06:27:04","modified_gmt":"2026-04-09T05:27:04","slug":"hypervent-singlet-w","status":"publish","type":"product","link":"https:\/\/shop.kustom.ch\/en\/product\/hypervent-singlet-w\/","title":{"rendered":"Hypervent Singlet W"},"content":{"rendered":"<p>Hypervent Singlet is a lightweight professional running jersey that offers exceptional ventilation and cooling for maximum performance in hot conditions. <\/p>\n<p>This advanced singlet is made from thin, high-performance jersey and features perforations at the back for improved airflow. Reinforced seams at the front neck and bottom hem provide a slim, streamlined fit for ultimate comfort during intense runs.<\/p>\n<p>- Lightweight jersey material made from recycled polyester and elastane<br \/>\n- Perforated ventilation at the back<br \/>\n- Taped seams at the front neck and bottom hem<br \/>\n- Reflective logo on the front, back and sides<br \/>\n- Normal cut<\/p>","protected":false},"excerpt":{"rendered":"<p>Hypervent Singlet ist ein leichtes Profi-Lauftrikot, das aussergew\u00f6hnliche Bel\u00fcftung und K\u00fchlung f\u00fcr maximale Leistung bei heissen Bedingungen bietet. Dieses fortschrittliche Singlet ist aus d\u00fcnnem, leistungsstarkem Jersey gefertigt und verf\u00fcgt \u00fcber Perforationen am R\u00fccken f\u00fcr verbesserten Luftstrom. Verst\u00e4rkte N\u00e4hte am vorderen Hals und am unteren Saum sorgen f\u00fcr eine schlanke, stromlinienf\u00f6rmige Passform f\u00fcr ultimativen Komfort bei [&hellip;]<\/p>\n","protected":false},"featured_media":702602,"template":"","meta":[],"product_brand":[],"product_cat":[4202],"product_tag":[],"class_list":{"0":"post-702571","1":"product","2":"type-product","3":"status-publish","4":"has-post-thumbnail","6":"product_cat-tank-tops","7":"pa_brand-craft","8":"pa_brand-type-sportswear","9":"pa_filter-color-pink","10":"pa_filter-color-schwarz","11":"pa_filter-color-weiss","13":"first","14":"instock","15":"sale","16":"taxable","17":"shipping-taxable","18":"purchasable","19":"product-type-variable","20":"add-to-wishlist-before_image"},"exclude_global_add_ons":[],"addons":[],"acf":[],"_links":{"self":[{"href":"https:\/\/shop.kustom.ch\/en\/wp-json\/wp\/v2\/product\/702571"}],"collection":[{"href":"https:\/\/shop.kustom.ch\/en\/wp-json\/wp\/v2\/product"}],"about":[{"href":"https:\/\/shop.kustom.ch\/en\/wp-json\/wp\/v2\/types\/product"}],"wp:featuredmedia":[{"embeddable":true,"href":"https:\/\/shop.kustom.ch\/en\/wp-json\/wp\/v2\/media\/702602"}],"wp:attachment":[{"href":"https:\/\/shop.kustom.ch\/en\/wp-json\/wp\/v2\/media?parent=702571"}],"wp:term":[{"taxonomy":"product_brand","embeddable":true,"href":"https:\/\/shop.kustom.ch\/en\/wp-json\/wp\/v2\/product_brand?post=702571"},{"taxonomy":"product_cat","embeddable":true,"href":"https:\/\/shop.kustom.ch\/en\/wp-json\/wp\/v2\/product_cat?post=702571"},{"taxonomy":"product_tag","embeddable":true,"href":"https:\/\/shop.kustom.ch\/en\/wp-json\/wp\/v2\/product_tag?post=702571"}],"curies":[{"name":"wp","href":"https:\/\/api.w.org\/{rel}","templated":true}]}}