{"id":702475,"date":"2026-03-18T17:17:30","date_gmt":"2026-03-18T16:17:30","guid":{"rendered":"https:\/\/shop.kustom.ch\/?post_type=product&#038;p=702475"},"modified":"2026-03-27T13:22:32","modified_gmt":"2026-03-27T12:22:32","slug":"endur-light-wind-jacket-w","status":"publish","type":"product","link":"https:\/\/shop.kustom.ch\/en\/product\/endur-light-wind-jacket-w\/","title":{"rendered":"Endur Light Wind Jacket W"},"content":{"rendered":"<p>The Endure Light Wind Jacket is a lightweight, windproof and water-repellent cycling jacket that is ideal for cool and windy rides. <\/p>\n<p>This technically advanced cycling jacket made from highly functional, recycled materials features a ventilated and elasticated mesh back that ensures a great fit and excellent temperature management during intense rides. In addition, an elasticated bottom hem keeps the jacket in place, while reflective details ensure better visibility. It can be easily stowed in a jersey pocket.<\/p>\n<p>- Lightweight, woven material made from recycled materials and elastane<br \/>\n- Windproof and water-repellent material (DWR coating)<br \/>\n- Mesh material on the back<br \/>\n- Elasticated bottom hem<br \/>\n- Small side pocket with zip<br \/>\n- Reflective elements<br \/>\n- Tight fit<\/p>","protected":false},"excerpt":{"rendered":"<p>Die Endure Light Wind Jacket ist eine leichte, winddichte und wasserabweisende Fahrradjacke, die sich hervorragend f\u00fcr k\u00fchle und windige Fahrten eignet. Diese technisch fortschrittliche Fahrradjacke aus hochfunktionellen, recycelten Materialien verf\u00fcgt \u00fcber einen bel\u00fcfteten und elastischen Mesh-R\u00fccken, der eine hervorragende Passform und ein ausgezeichnetes Temperaturmanagement w\u00e4hrend intensiver Fahrten gew\u00e4hrleistet. Dar\u00fcber hinaus h\u00e4lt ein Gummizug am unteren [&hellip;]<\/p>\n","protected":false},"featured_media":702527,"template":"","meta":[],"product_brand":[],"product_cat":[4186],"product_tag":[],"class_list":{"0":"post-702475","1":"product","2":"type-product","3":"status-publish","4":"has-post-thumbnail","6":"product_cat-jacken","7":"pa_brand-craft","8":"pa_brand-type-sportswear","9":"pa_filter-color-blau","10":"pa_filter-color-schwarz","12":"first","13":"instock","14":"sale","15":"taxable","16":"shipping-taxable","17":"purchasable","18":"product-type-variable","19":"add-to-wishlist-before_image"},"exclude_global_add_ons":[],"addons":[],"acf":[],"_links":{"self":[{"href":"https:\/\/shop.kustom.ch\/en\/wp-json\/wp\/v2\/product\/702475"}],"collection":[{"href":"https:\/\/shop.kustom.ch\/en\/wp-json\/wp\/v2\/product"}],"about":[{"href":"https:\/\/shop.kustom.ch\/en\/wp-json\/wp\/v2\/types\/product"}],"wp:featuredmedia":[{"embeddable":true,"href":"https:\/\/shop.kustom.ch\/en\/wp-json\/wp\/v2\/media\/702527"}],"wp:attachment":[{"href":"https:\/\/shop.kustom.ch\/en\/wp-json\/wp\/v2\/media?parent=702475"}],"wp:term":[{"taxonomy":"product_brand","embeddable":true,"href":"https:\/\/shop.kustom.ch\/en\/wp-json\/wp\/v2\/product_brand?post=702475"},{"taxonomy":"product_cat","embeddable":true,"href":"https:\/\/shop.kustom.ch\/en\/wp-json\/wp\/v2\/product_cat?post=702475"},{"taxonomy":"product_tag","embeddable":true,"href":"https:\/\/shop.kustom.ch\/en\/wp-json\/wp\/v2\/product_tag?post=702475"}],"curies":[{"name":"wp","href":"https:\/\/api.w.org\/{rel}","templated":true}]}}