{"id":702474,"date":"2026-03-18T17:17:30","date_gmt":"2026-03-18T16:17:30","guid":{"rendered":"https:\/\/shop.kustom.ch\/?post_type=product&#038;p=702474"},"modified":"2026-03-27T13:22:29","modified_gmt":"2026-03-27T12:22:29","slug":"hypervent-tee-w","status":"publish","type":"product","link":"https:\/\/shop.kustom.ch\/en\/product\/hypervent-tee-w\/","title":{"rendered":"Hypervent Tee W"},"content":{"rendered":"<p>The Hypervent Tee is a particularly breathable running shirt that keeps you cool and dry during intensive daily training.<\/p>\n<p>This high-performance garment is made from a soft jersey fabric made from recycled polyester and elastane and offers exceptional moisture transport and excellent freedom of movement. The perforated details on the back ensure better ventilation, while the bonded ends minimise chafing.<\/p>\n<p>- Jersey fabric with 4-way stretch made from recycled polyester and elastane<br \/>\n- Taped ends<br \/>\n- Perforated elements on the back<br \/>\n- Normal cut<\/p>","protected":false},"excerpt":{"rendered":"<p>Das Hypervent Tee ist ein besonders atmungsaktives Laufshirt, das dich beim intensiven t\u00e4glichen Training k\u00fchl und trocken h\u00e4lt. Dieses High-Performance-Kleidungsst\u00fcck besteht aus einem weichen Jersey-Gewebe aus recyceltem Polyester und Elasthan und bietet einen aussergew\u00f6hnlichen Feuchtigkeitstransport und hervorragende Bewegungsfreiheit. Die perforierten Details am R\u00fccken sorgen f\u00fcr bessere Bel\u00fcftung, w\u00e4hrend die geklebten Enden Scheuern minimieren. \u2022 Jerseystoff [&hellip;]<\/p>\n","protected":false},"featured_media":702496,"template":"","meta":[],"product_brand":[],"product_cat":[4201],"product_tag":[],"class_list":{"0":"post-702474","1":"product","2":"type-product","3":"status-publish","4":"has-post-thumbnail","6":"product_cat-t-shirts","7":"pa_brand-craft","8":"pa_brand-type-sportswear","9":"pa_filter-color-grau","10":"pa_filter-color-schwarz","11":"pa_filter-color-violet","12":"pa_filter-color-weiss","14":"first","15":"instock","16":"sale","17":"taxable","18":"shipping-taxable","19":"purchasable","20":"product-type-variable","21":"add-to-wishlist-before_image"},"exclude_global_add_ons":[],"addons":[],"acf":[],"_links":{"self":[{"href":"https:\/\/shop.kustom.ch\/en\/wp-json\/wp\/v2\/product\/702474"}],"collection":[{"href":"https:\/\/shop.kustom.ch\/en\/wp-json\/wp\/v2\/product"}],"about":[{"href":"https:\/\/shop.kustom.ch\/en\/wp-json\/wp\/v2\/types\/product"}],"wp:featuredmedia":[{"embeddable":true,"href":"https:\/\/shop.kustom.ch\/en\/wp-json\/wp\/v2\/media\/702496"}],"wp:attachment":[{"href":"https:\/\/shop.kustom.ch\/en\/wp-json\/wp\/v2\/media?parent=702474"}],"wp:term":[{"taxonomy":"product_brand","embeddable":true,"href":"https:\/\/shop.kustom.ch\/en\/wp-json\/wp\/v2\/product_brand?post=702474"},{"taxonomy":"product_cat","embeddable":true,"href":"https:\/\/shop.kustom.ch\/en\/wp-json\/wp\/v2\/product_cat?post=702474"},{"taxonomy":"product_tag","embeddable":true,"href":"https:\/\/shop.kustom.ch\/en\/wp-json\/wp\/v2\/product_tag?post=702474"}],"curies":[{"name":"wp","href":"https:\/\/api.w.org\/{rel}","templated":true}]}}