{"id":702421,"date":"2026-03-18T17:16:54","date_gmt":"2026-03-18T16:16:54","guid":{"rendered":"https:\/\/shop.kustom.ch\/?post_type=product&#038;p=702421"},"modified":"2026-03-27T13:22:18","modified_gmt":"2026-03-27T12:22:18","slug":"hypervent-oversized-wind-jacket-w","status":"publish","type":"product","link":"https:\/\/shop.kustom.ch\/en\/product\/hypervent-oversized-wind-jacket-w\/","title":{"rendered":"Hypervent Oversized Wind Jacket W"},"content":{"rendered":"<p>Hypervent Oversize Wind Jacket is a lightweight, wind-resistant training jacket with a boxy oversize fit that combines style and performance for high-intensity training.<\/p>\n<p>Inspired by vintage running apparel, this oversized jacket is made from recycled polyamide that offers excellent ventilation and moisture management. Two zipped side pockets provide secure storage for keys, energy bars and other essentials, while two adjustable drawcords at the bottom hem allow for a personalised fit. The jacket also features a foldable hood that tucks neatly into the collar. Designed for flexibility, it stows away completely in its left pocket, transforming into a small bag that can easily be worn on the hip for quick access in changeable weather.<\/p>\n<p>- Wind-repellent material made from 100 % recycled polyamide<br \/>\n- Inner hooded collar with neck buttons<br \/>\n- Two adjustable drawstrings at the bottom hem<br \/>\n- Two side pockets with zip<br \/>\n- Elasticated sleeve ends<br \/>\n- Can be stowed in your own pocket<br \/>\n- Normal cut<\/p>","protected":false},"excerpt":{"rendered":"<p>Hypervent Oversize Wind Jacket ist eine leichte, windabweisende Trainingsjacke mit kastenf\u00f6rmiger Oversize-Passform, die Stil und Leistung f\u00fcr hochintensives Training kombiniert. Inspiriert von Vintage-Laufbekleidung ist diese Oversize-Jacke aus recyceltem Polyamid gefertigt, das hervorragende Bel\u00fcftung und Feuchtigkeitsmanagement bietet. Zwei seitliche Reissverschlusstaschen bieten sicheren Stauraum f\u00fcr Schl\u00fcssel, Energieriegel und andere wichtige Dinge, w\u00e4hrend zwei verstellbare Kordelz\u00fcge am unteren [&hellip;]<\/p>\n","protected":false},"featured_media":702477,"template":"","meta":[],"product_brand":[],"product_cat":[4186],"product_tag":[],"class_list":{"0":"post-702421","1":"product","2":"type-product","3":"status-publish","4":"has-post-thumbnail","6":"product_cat-jacken","7":"pa_brand-craft","8":"pa_brand-type-sportswear","9":"pa_filter-color-blau","10":"pa_filter-color-grau","11":"pa_filter-color-schwarz","13":"first","14":"instock","15":"sale","16":"taxable","17":"shipping-taxable","18":"purchasable","19":"product-type-variable","20":"add-to-wishlist-before_image"},"exclude_global_add_ons":[],"addons":[],"acf":[],"_links":{"self":[{"href":"https:\/\/shop.kustom.ch\/en\/wp-json\/wp\/v2\/product\/702421"}],"collection":[{"href":"https:\/\/shop.kustom.ch\/en\/wp-json\/wp\/v2\/product"}],"about":[{"href":"https:\/\/shop.kustom.ch\/en\/wp-json\/wp\/v2\/types\/product"}],"wp:featuredmedia":[{"embeddable":true,"href":"https:\/\/shop.kustom.ch\/en\/wp-json\/wp\/v2\/media\/702477"}],"wp:attachment":[{"href":"https:\/\/shop.kustom.ch\/en\/wp-json\/wp\/v2\/media?parent=702421"}],"wp:term":[{"taxonomy":"product_brand","embeddable":true,"href":"https:\/\/shop.kustom.ch\/en\/wp-json\/wp\/v2\/product_brand?post=702421"},{"taxonomy":"product_cat","embeddable":true,"href":"https:\/\/shop.kustom.ch\/en\/wp-json\/wp\/v2\/product_cat?post=702421"},{"taxonomy":"product_tag","embeddable":true,"href":"https:\/\/shop.kustom.ch\/en\/wp-json\/wp\/v2\/product_tag?post=702421"}],"curies":[{"name":"wp","href":"https:\/\/api.w.org\/{rel}","templated":true}]}}