{"id":702420,"date":"2026-03-18T17:16:54","date_gmt":"2026-03-18T16:16:54","guid":{"rendered":"https:\/\/shop.kustom.ch\/?post_type=product&#038;p=702420"},"modified":"2026-03-27T13:22:14","modified_gmt":"2026-03-27T12:22:14","slug":"hypervent-hat","status":"publish","type":"product","link":"https:\/\/shop.kustom.ch\/en\/product\/hypervent-hat\/","title":{"rendered":"Hypervent Hat"},"content":{"rendered":"<p>Hypervent Hat is a functional training hat with a wide brim that offers exceptional sun protection for long-distance running in hot and sunny conditions and provides shade for the face, neck and ears. Made from moisture-wicking polyester fabric, the hat features perforated side panels and breathable mesh lining to allow sweat to evaporate quickly. Adjustable drawstring at the back ensures an optimal fit, while an adjustable drawstring at the front keeps the hat in place even during intensive training.<\/p>\n<p>- Functional polyester fabric<br \/>\n- Mesh inserts at the sides<br \/>\n- Ventilation perforations on the sides<br \/>\n- Breathable mesh lining<br \/>\n- Adjustable drawstring at the back<br \/>\n- Adjustable drawstring at the front<br \/>\n- Elasticated storage loops on the sides<br \/>\n- Normal cut<\/p>","protected":false},"excerpt":{"rendered":"<p>Hypervent Hat ist ein funktioneller Trainingshut mit breiter Krempe, der bei heissen und sonnigen Bedingungen aussergew\u00f6hnlichen Sonnenschutz bei Langstreckenl\u00e4ufen bietet und Schatten f\u00fcr Gesicht, Hals und Ohren spendet. Die M\u00fctze aus feuchtigkeitstransportierendem Polyestergewebe verf\u00fcgt \u00fcber perforierte Seitenteile und atmungsaktives Mesh-Futter, sodass Schweiss schnell verdunsten kann. Verstellbarer Kordelzug hinten sorgt f\u00fcr eine optimale Passform, w\u00e4hrend ein [&hellip;]<\/p>\n","protected":false},"featured_media":702473,"template":"","meta":[],"product_brand":[],"product_cat":[4177],"product_tag":[],"class_list":{"0":"post-702420","1":"product","2":"type-product","3":"status-publish","4":"has-post-thumbnail","6":"product_cat-caps-muetzen","7":"pa_brand-craft","8":"pa_brand-type-sportswear","9":"pa_filter-color-grau","11":"first","12":"instock","13":"sale","14":"taxable","15":"shipping-taxable","16":"purchasable","17":"product-type-variable","18":"add-to-wishlist-before_image"},"exclude_global_add_ons":[],"addons":[],"acf":[],"_links":{"self":[{"href":"https:\/\/shop.kustom.ch\/en\/wp-json\/wp\/v2\/product\/702420"}],"collection":[{"href":"https:\/\/shop.kustom.ch\/en\/wp-json\/wp\/v2\/product"}],"about":[{"href":"https:\/\/shop.kustom.ch\/en\/wp-json\/wp\/v2\/types\/product"}],"wp:featuredmedia":[{"embeddable":true,"href":"https:\/\/shop.kustom.ch\/en\/wp-json\/wp\/v2\/media\/702473"}],"wp:attachment":[{"href":"https:\/\/shop.kustom.ch\/en\/wp-json\/wp\/v2\/media?parent=702420"}],"wp:term":[{"taxonomy":"product_brand","embeddable":true,"href":"https:\/\/shop.kustom.ch\/en\/wp-json\/wp\/v2\/product_brand?post=702420"},{"taxonomy":"product_cat","embeddable":true,"href":"https:\/\/shop.kustom.ch\/en\/wp-json\/wp\/v2\/product_cat?post=702420"},{"taxonomy":"product_tag","embeddable":true,"href":"https:\/\/shop.kustom.ch\/en\/wp-json\/wp\/v2\/product_tag?post=702420"}],"curies":[{"name":"wp","href":"https:\/\/api.w.org\/{rel}","templated":true}]}}