{"id":702369,"date":"2026-03-18T17:16:22","date_gmt":"2026-03-18T16:16:22","guid":{"rendered":"https:\/\/shop.kustom.ch\/?post_type=product&#038;p=702369"},"modified":"2026-03-27T13:20:45","modified_gmt":"2026-03-27T12:20:45","slug":"endur-training-jersey-m","status":"publish","type":"product","link":"https:\/\/shop.kustom.ch\/en\/product\/endur-training-jersey-m\/","title":{"rendered":"Endur Training Jersey M"},"content":{"rendered":"<p>Endur Training Jersey is a high-performance bike jersey for dedicated riders who train hard several times a week. <\/p>\n<p>This technically advanced cycling jersey made from soft and stretchy material offers a great fit and excellent moisture management to keep you dry and comfortable during intense rides. Four back pockets offer plenty of storage space for your essentials, while an elasticated hem with silicone print keeps the jersey in place.<\/p>\n<p>- Soft, stretchy and highly functional material made from recycled polyamide and elastane<br \/>\n- Ergonomic design for a perfect sitting position<br \/>\n- Uncut sleeve ends<br \/>\n- Elasticated with silicone print on the bottom hem<br \/>\n- Four back pockets (one with zip)<br \/>\n- Full-length Vislon zip at the front<br \/>\n- Tight fit<\/p>\n<p>Material: 74% polyamide<br \/>\n26% Elastane<\/p>","protected":false},"excerpt":{"rendered":"<p>Endur Training Jersey ist ein High-Performance-Bike-Trikot f\u00fcr engagierte Fahrer, die mehrmals pro Woche hart trainieren. Dieses technisch fortschrittliche Radtrikot aus weichem und elastischem Material bietet eine tolle Passform und ein hervorragendes Feuchtigkeitsmanagement, damit du bei intensiven Fahrten trocken und komfortabel bleibst. Vier Ges\u00e4sstaschen bieten ausreichend Stauraum f\u00fcr das N\u00f6tigste, w\u00e4hrend ein elastischer Saum mit Silikonprint [&hellip;]<\/p>\n","protected":false},"featured_media":702394,"template":"","meta":[],"product_brand":[],"product_cat":[4201],"product_tag":[],"class_list":{"0":"post-702369","1":"product","2":"type-product","3":"status-publish","4":"has-post-thumbnail","6":"product_cat-t-shirts","7":"pa_brand-craft","8":"pa_brand-type-sportswear","9":"pa_filter-color-beige","10":"pa_filter-color-blau","11":"pa_filter-color-grau","12":"pa_filter-color-gruen","13":"pa_filter-color-schwarz","15":"first","16":"instock","17":"sale","18":"taxable","19":"shipping-taxable","20":"purchasable","21":"product-type-variable","22":"add-to-wishlist-before_image"},"exclude_global_add_ons":[],"addons":[],"acf":[],"_links":{"self":[{"href":"https:\/\/shop.kustom.ch\/en\/wp-json\/wp\/v2\/product\/702369"}],"collection":[{"href":"https:\/\/shop.kustom.ch\/en\/wp-json\/wp\/v2\/product"}],"about":[{"href":"https:\/\/shop.kustom.ch\/en\/wp-json\/wp\/v2\/types\/product"}],"wp:featuredmedia":[{"embeddable":true,"href":"https:\/\/shop.kustom.ch\/en\/wp-json\/wp\/v2\/media\/702394"}],"wp:attachment":[{"href":"https:\/\/shop.kustom.ch\/en\/wp-json\/wp\/v2\/media?parent=702369"}],"wp:term":[{"taxonomy":"product_brand","embeddable":true,"href":"https:\/\/shop.kustom.ch\/en\/wp-json\/wp\/v2\/product_brand?post=702369"},{"taxonomy":"product_cat","embeddable":true,"href":"https:\/\/shop.kustom.ch\/en\/wp-json\/wp\/v2\/product_cat?post=702369"},{"taxonomy":"product_tag","embeddable":true,"href":"https:\/\/shop.kustom.ch\/en\/wp-json\/wp\/v2\/product_tag?post=702369"}],"curies":[{"name":"wp","href":"https:\/\/api.w.org\/{rel}","templated":true}]}}